{"id":3781,"date":"2025-09-21T13:38:31","date_gmt":"2025-10-15T09:44:09","guid":{"rendered":"https:\/\/hydrolite.eu\/?post_type=product&#038;p=3781"},"modified":"2025-10-15T12:44:10","modified_gmt":"2025-10-15T09:44:10","slug":"zg-a-398-specificky-makroporezni-kopolymer-styrenu-a-dvb-s-kvarkovo-amoniovym-radikalem-nch33oh-aniontomenicovou-pryskyrici","status":"publish","type":"product","link":"https:\/\/hydrolite.eu\/cs\/product\/zg-a-398-specificky-makroporezni-kopolymer-styrenu-a-dvb-s-kvarkovo-amoniovym-radikalem-nch33oh-aniontomenicovou-pryskyrici\/","title":{"rendered":"ZG A 398 specifick\u00fd makropor\u00e9zn\u00ed kopolymer styrenu a DVB s kvarkovo-amoniov\u00fdm radik\u00e1lem [-N(CH3)3OH] aniontom\u011bni\u010dovou prysky\u0159ic\u00ed"},"content":{"rendered":"<table border=\"0\" width=\"100%\" cellspacing=\"1\" cellpadding=\"0\" align=\"center\" bgcolor=\"dee8f3\">\n<tbody>\n<tr>\n<td align=\"left\" bgcolor=\"054696\" width=\"70%\" height=\"50\">\n<div class=\"zzzzz1\" align=\"center\"><span style=\"vertical-align: inherit;\"><span style=\"vertical-align: inherit;\"><span dir=\"auto\" style=\"vertical-align: inherit;\"><span dir=\"auto\" style=\"vertical-align: inherit;\">ZG A 398 specifick\u00fd makropor\u00e9zn\u00ed kopolymer styrenu a DVB s kvarkovo-amoniov\u00fdm radik\u00e1lem [-N(CH3)3OH] aniontom\u011bni\u010dovou prysky\u0159ic\u00ed<\/span><\/span><\/span><\/span><\/div>\n<\/td>\n<\/tr>\n<tr>\n<td style=\"padding: 20px;\" align=\"left\" bgcolor=\"#FFFFFF\">\n<p align=\"justify\"><span style=\"vertical-align: inherit;\"><span style=\"vertical-align: inherit;\"><span dir=\"auto\" style=\"vertical-align: inherit;\"><span dir=\"auto\" style=\"vertical-align: inherit;\">Zna\u010dka Zheng Guang ZG A 398 je specifick\u00fd makropor\u00e9zn\u00ed kopolymer s kationtovou amoniovou radik\u00e1lovou aniontovou v\u00fdm\u011bnnou prysky\u0159ic\u00ed [-N(CH3 <\/span><\/span><\/span><\/span><sub><span style=\"vertical-align: inherit;\"><span style=\"vertical-align: inherit;\"><span dir=\"auto\" style=\"vertical-align: inherit;\"><span dir=\"auto\" style=\"vertical-align: inherit;\">)<\/span><\/span><\/span><\/span><\/sub><span style=\"vertical-align: inherit;\"><span style=\"vertical-align: inherit;\"><span dir=\"auto\" style=\"vertical-align: inherit;\"><span dir=\"auto\" style=\"vertical-align: inherit;\"> 3OH <\/span><\/span><\/span><\/span><sub><span style=\"vertical-align: inherit;\"><span style=\"vertical-align: inherit;\"><span dir=\"auto\" style=\"vertical-align: inherit;\"><span dir=\"auto\" style=\"vertical-align: inherit;\">]<\/span><\/span><\/span><\/span><\/sub><span style=\"vertical-align: inherit;\"><span style=\"vertical-align: inherit;\"><span dir=\"auto\" style=\"vertical-align: inherit;\"><span dir=\"auto\" style=\"vertical-align: inherit;\"> . M\u00e1 specifickou bun\u011b\u010dnou strukturu a velk\u00fd povrch, co\u017e mu umo\u017e\u0148uje adsorbovat velk\u00e9 jatern\u00ed molekuly a vykazovat vysokou odolnost v\u016f\u010di organick\u00e9 kontaminaci.<\/span><\/span><\/span><\/span><\/p>\n<p align=\"justify\"><strong><span style=\"vertical-align: inherit;\"><span style=\"vertical-align: inherit;\"><span dir=\"auto\" style=\"vertical-align: inherit;\"><span dir=\"auto\" style=\"vertical-align: inherit;\">1: CHARAKTERISTIKA PRYSKY\u0158ICE<\/span><\/span><\/span><\/span><\/strong><\/p>\n<p align=\"justify\"><span style=\"vertical-align: inherit;\"><span style=\"vertical-align: inherit;\"><span dir=\"auto\" style=\"vertical-align: inherit;\"><span dir=\"auto\" style=\"vertical-align: inherit;\">Siln\u011b bazick\u00e1 aniontom\u011bni\u010dov\u00e1 prysky\u0159ice zna\u010dky Zheng Guang ZG A 398 (typ Cl) m\u00e1 n\u00e1sleduj\u00edc\u00ed v\u00fdhody:<\/span><\/span><\/span><\/span><\/p>\n<p align=\"justify\"><span style=\"vertical-align: inherit;\"><span style=\"vertical-align: inherit;\"><span dir=\"auto\" style=\"vertical-align: inherit;\"><span dir=\"auto\" style=\"vertical-align: inherit;\">1. Siln\u00e1 adsorpce molekul hepatromu. Adsorpc\u00ed stejn\u00e9ho po\u010dtu molekul hepatromu se sn\u00ed\u017e\u00ed hmotnost pou\u017eit\u00e9 prysky\u0159ice.<\/span><\/span><\/span><\/span><\/p>\n<p align=\"justify\"><span style=\"vertical-align: inherit;\"><span style=\"vertical-align: inherit;\"><span dir=\"auto\" style=\"vertical-align: inherit;\"><span dir=\"auto\" style=\"vertical-align: inherit;\">2. P\u0159ed\u00faprava p\u0159ed pou\u017eit\u00edm je velmi jednoduch\u00e1 a \u0161et\u0159\u00ed pen\u00edze. Novou prysky\u0159ici t\u0159ikr\u00e1t propl\u00e1chn\u011bte \u010distou vodou a nechte ji p\u0159es noc v \u010dist\u00e9 vod\u011b o teplot\u011b 25\u201330 \u00b0C. N\u00e1sleduj\u00edc\u00ed den prysky\u0159ici n\u011bkolikr\u00e1t propl\u00e1chn\u011bte a p\u0159efiltrujte. Pot\u00e9 je p\u0159ipravena k pou\u017eit\u00ed.<\/span><\/span><\/span><\/span><\/p>\n<p align=\"justify\"><span style=\"vertical-align: inherit;\"><span style=\"vertical-align: inherit;\"><span dir=\"auto\" style=\"vertical-align: inherit;\"><span dir=\"auto\" style=\"vertical-align: inherit;\">3. Prysky\u0159ice m\u00e1 siln\u011bj\u0161\u00ed schopnost bojovat s organick\u00fdm zne\u010di\u0161t\u011bn\u00edm, tak\u017ee o\u0161et\u0159en\u00ed po pou\u017eit\u00ed je nejen jednoduch\u00e9, ale i pohodln\u00e9. Povrchov\u00e9 zne\u010di\u0161t\u011bn\u00ed se odstran\u00ed \u010distou vodou, na\u010de\u017e se prysky\u0159ice marinuje v alkalick\u00e9m roztoku (8 % NaOH + 20 % NaCl) o dvojn\u00e1sobku sv\u00e9 hmotnosti (hmotnost prysky\u0159ice) po dobu dvou hodin p\u0159i teplot\u011b 40\u201350 \u00b0C za st\u00e1l\u00e9ho m\u00edch\u00e1n\u00ed. Pot\u00e9 se opl\u00e1chne \u010distou vodou (pH 7) a p\u0159efiltruje. Pot\u00e9 je prysky\u0159ice p\u0159ipravena k pou\u017eit\u00ed.<\/span><\/span><\/span><\/span><\/p>\n<p align=\"justify\"><strong><span style=\"vertical-align: inherit;\"><span style=\"vertical-align: inherit;\"><span dir=\"auto\" style=\"vertical-align: inherit;\"><span dir=\"auto\" style=\"vertical-align: inherit;\">2: SKLADOV\u00c1N\u00cd<\/span><\/span><\/span><\/span><\/strong><\/p>\n<p align=\"justify\"><span style=\"vertical-align: inherit;\"><span style=\"vertical-align: inherit;\"><span dir=\"auto\" style=\"vertical-align: inherit;\"><span dir=\"auto\" style=\"vertical-align: inherit;\">Prysky\u0159ice by m\u011bla b\u00fdt skladov\u00e1na v interi\u00e9ru, mimo dosah p\u0159\u00edm\u00e9ho slune\u010dn\u00edho z\u00e1\u0159en\u00ed. Netrhejte obal, abyste zabr\u00e1nili \u00faniku vody. Pokud prysky\u0159ice ztratila vodu, postupn\u011b p\u0159id\u00e1vejte nasycen\u00fd roztok soli a marinujte n\u011bkolik hodin, pot\u00e9 postupn\u011b z\u0159e\u010fte vodou, abyste zabr\u00e1nili po\u0161kozen\u00ed.<\/span><\/span><\/span><\/span><\/p>\n<p align=\"justify\"><strong><span style=\"vertical-align: inherit;\"><span style=\"vertical-align: inherit;\"><span dir=\"auto\" style=\"vertical-align: inherit;\"><span dir=\"auto\" style=\"vertical-align: inherit;\">3: TEPLOTA P\u0158I POU\u017dIT\u00cd A SKLADOV\u00c1N\u00cd<\/span><\/span><\/span><\/span><\/strong><\/p>\n<p align=\"justify\"><span style=\"vertical-align: inherit;\"><span style=\"vertical-align: inherit;\"><span dir=\"auto\" style=\"vertical-align: inherit;\"><span dir=\"auto\" style=\"vertical-align: inherit;\">Teplota by nem\u011bla p\u0159ekro\u010dit 60 \u00b0C. Skladujte p\u0159i teplot\u011b 0\u201325 \u00b0C. Pokud je okoln\u00ed teplota ni\u017e\u0161\u00ed ne\u017e 0 \u00b0C, m\u011bla by b\u00fdt prysky\u0159ice skladov\u00e1na v nasycen\u00e9m soln\u00e9m roztoku.<\/span><\/span><\/span><\/span><\/p>\n<\/td>\n<\/tr>\n<\/tbody>\n<\/table>\n","protected":false},"excerpt":{"rendered":"<p>ZG A 398 specifick\u00fd makropor\u00e9zn\u00ed kopolymer styrenu a DVB s kvarkovo-amoniov\u00fdm radik\u00e1lem [-N(CH3)3OH] aniontom\u011bni\u010dovou prysky\u0159ic\u00ed Zna\u010dka Zheng Guang ZG A 398 je specifick\u00fd makropor\u00e9zn\u00ed kopolymer s kationtovou amoniovou radik\u00e1lovou aniontovou v\u00fdm\u011bnnou prysky\u0159ic\u00ed [-N(CH3 ) 3OH ] . M\u00e1 specifickou bun\u011b\u010dnou strukturu a velk\u00fd povrch, co\u017e mu umo\u017e\u0148uje adsorbovat velk\u00e9 jatern\u00ed molekuly a vykazovat vysokou odolnost&#8230;<\/p>\n","protected":false},"featured_media":1873,"comment_status":"closed","ping_status":"closed","template":"","meta":[],"product_cat":[620,502],"product_tag":[],"class_list":["post-3781","product","type-product","status-publish","has-post-thumbnail","hentry","product_cat-bezne-pryskyrice","product_cat-produkty-cs"],"_links":{"self":[{"href":"https:\/\/hydrolite.eu\/cs\/wp-json\/wp\/v2\/product\/3781","targetHints":{"allow":["GET"]}}],"collection":[{"href":"https:\/\/hydrolite.eu\/cs\/wp-json\/wp\/v2\/product"}],"about":[{"href":"https:\/\/hydrolite.eu\/cs\/wp-json\/wp\/v2\/types\/product"}],"replies":[{"embeddable":true,"href":"https:\/\/hydrolite.eu\/cs\/wp-json\/wp\/v2\/comments?post=3781"}],"wp:featuredmedia":[{"embeddable":true,"href":"https:\/\/hydrolite.eu\/cs\/wp-json\/wp\/v2\/media\/1873"}],"wp:attachment":[{"href":"https:\/\/hydrolite.eu\/cs\/wp-json\/wp\/v2\/media?parent=3781"}],"wp:term":[{"taxonomy":"product_cat","embeddable":true,"href":"https:\/\/hydrolite.eu\/cs\/wp-json\/wp\/v2\/product_cat?post=3781"},{"taxonomy":"product_tag","embeddable":true,"href":"https:\/\/hydrolite.eu\/cs\/wp-json\/wp\/v2\/product_tag?post=3781"}],"curies":[{"name":"wp","href":"https:\/\/api.w.org\/{rel}","templated":true}]}}