{"id":3777,"date":"2025-09-21T13:38:31","date_gmt":"2025-10-15T09:43:30","guid":{"rendered":"https:\/\/hydrolite.eu\/?post_type=product&#038;p=3777"},"modified":"2025-10-15T12:43:31","modified_gmt":"2025-10-15T09:43:31","slug":"vymenna-pryskyrice-zg-107so-ma-vyhody-lipofility-a-hydrofobnosti","status":"publish","type":"product","link":"https:\/\/hydrolite.eu\/cs\/product\/vymenna-pryskyrice-zg-107so-ma-vyhody-lipofility-a-hydrofobnosti\/","title":{"rendered":"V\u00fdm\u011bnn\u00e1 prysky\u0159ice ZG 107SO m\u00e1 v\u00fdhody lipofility a hydrofobnosti."},"content":{"rendered":"<table border=\"0\" width=\"100%\" cellspacing=\"1\" cellpadding=\"0\" align=\"center\" bgcolor=\"dee8f3\">\n<tbody>\n<tr>\n<td align=\"left\" bgcolor=\"054696\" width=\"70%\" height=\"50\">\n<div class=\"zzzzz1\" align=\"center\"><span style=\"vertical-align: inherit;\"><span style=\"vertical-align: inherit;\"><span dir=\"auto\" style=\"vertical-align: inherit;\"><span dir=\"auto\" style=\"vertical-align: inherit;\">V\u00fdm\u011bnn\u00e1 prysky\u0159ice ZG 107SO m\u00e1 v\u00fdhody lipofility a hydrofobnosti.<\/span><\/span><\/span><\/span><\/div>\n<\/td>\n<\/tr>\n<tr>\n<td style=\"padding: 20px;\" align=\"left\" bgcolor=\"#FFFFFF\">\n<ol>\n<li><strong><span style=\"vertical-align: inherit;\"><span style=\"vertical-align: inherit;\"><span dir=\"auto\" style=\"vertical-align: inherit;\"><span dir=\"auto\" style=\"vertical-align: inherit;\">Popis:\u00a0<\/span><\/span><\/span><\/span><\/strong><\/li>\n<\/ol>\n<p><span style=\"vertical-align: inherit;\"><span style=\"vertical-align: inherit;\"><span dir=\"auto\" style=\"vertical-align: inherit;\"><span dir=\"auto\" style=\"vertical-align: inherit;\">Technick\u00fdm z\u00e1kladem pro odstra\u0148ov\u00e1n\u00ed oleje pomoc\u00ed v\u00fdm\u011bnn\u00fdch prysky\u0159ic je vyu\u017eit\u00ed lipofiln\u00edch a hydrofobn\u00edch vlastnost\u00ed specializovan\u00fdch vysokoteplotn\u00edch v\u00fdm\u011bnn\u00fdch prysky\u0159ic k odd\u011blen\u00ed emulgovan\u00fdch molekul oleje od molekul rozpustn\u00fdch v oleji a sou\u010dasn\u00e9mu odstran\u011bn\u00ed oleje. Instalace v\u00fdm\u011bnn\u00e9ho filtru na za\u0159\u00edzen\u00ed pro odstra\u0148ov\u00e1n\u00ed oleje umo\u017e\u0148uje v\u00fdm\u011bnn\u00e9 prysky\u0159ici shroma\u017e\u010fovat molekuly oleje z vody a adsorbovat je na povrch prysky\u0159ice. Kdy\u017e adsorpce oleje dos\u00e1hne sv\u00e9ho limitu, zachycen\u00fd olej se p\u0159irozen\u011b odd\u011bl\u00ed jako olejov\u00e1 skupina, kter\u00e1 pot\u00e9 vstupuje do separa\u010dn\u00ed sekce olej-voda stroje. ZG 107 SO je specializovan\u00e1 vysokoteplotn\u00ed v\u00fdm\u011bnn\u00e1 prysky\u0159ice pro odstra\u0148ov\u00e1n\u00ed oleje pomoc\u00ed t\u00e9to technologie.<\/span><\/span><\/span><\/span><\/p>\n<p><strong style=\"color: #555555; font-family: inherit; font-size: inherit;\"><span style=\"vertical-align: inherit;\"><span style=\"vertical-align: inherit;\"><span dir=\"auto\" style=\"vertical-align: inherit;\"><span dir=\"auto\" style=\"vertical-align: inherit;\">2. Chemick\u00e9 a fyzik\u00e1ln\u00ed vlastnosti:<\/span><\/span><\/span><\/span><\/strong><\/p>\n<table style=\"width: 451px;\" border=\"1\" cellspacing=\"0\">\n<tbody>\n<tr>\n<td style=\"width: 193px;\"><span style=\"vertical-align: inherit;\"><span style=\"vertical-align: inherit;\"><span dir=\"auto\" style=\"vertical-align: inherit;\"><span dir=\"auto\" style=\"vertical-align: inherit;\">Datov\u00fd typ<\/span><\/span><\/span><\/span><\/td>\n<td style=\"width: 258px;\">\n<p align=\"center\"><span style=\"vertical-align: inherit;\"><span style=\"vertical-align: inherit;\"><span dir=\"auto\" style=\"vertical-align: inherit;\"><span dir=\"auto\" style=\"vertical-align: inherit;\">ZG107SO<\/span><\/span><\/span><\/span><\/p>\n<\/td>\n<\/tr>\n<tr>\n<td style=\"width: 193px;\"><span style=\"vertical-align: inherit;\"><span style=\"vertical-align: inherit;\"><span dir=\"auto\" style=\"vertical-align: inherit;\"><span dir=\"auto\" style=\"vertical-align: inherit;\">Vlhkost %<\/span><\/span><\/span><\/span><\/td>\n<td style=\"width: 258px;\">\n<p align=\"center\"><span style=\"vertical-align: inherit;\"><span style=\"vertical-align: inherit;\"><span dir=\"auto\" style=\"vertical-align: inherit;\"><span dir=\"auto\" style=\"vertical-align: inherit;\">40~55<\/span><\/span><\/span><\/span><\/p>\n<\/td>\n<\/tr>\n<tr>\n<td style=\"width: 193px;\"><span style=\"vertical-align: inherit;\"><span style=\"vertical-align: inherit;\"><span dir=\"auto\" style=\"vertical-align: inherit;\"><span dir=\"auto\" style=\"vertical-align: inherit;\">P\u0159epravn\u00ed hmotnost g\/ml<\/span><\/span><\/span><\/span><\/td>\n<td style=\"width: 258px;\">\n<p align=\"center\"><span style=\"vertical-align: inherit;\"><span style=\"vertical-align: inherit;\"><span dir=\"auto\" style=\"vertical-align: inherit;\"><span dir=\"auto\" style=\"vertical-align: inherit;\">0,78~0,90<\/span><\/span><\/span><\/span><\/p>\n<\/td>\n<\/tr>\n<tr>\n<td style=\"width: 193px;\"><span style=\"vertical-align: inherit;\"><span style=\"vertical-align: inherit;\"><span dir=\"auto\" style=\"vertical-align: inherit;\"><span dir=\"auto\" style=\"vertical-align: inherit;\">Skute\u010dn\u00e1 hustota g\/ml<\/span><\/span><\/span><\/span><\/td>\n<td style=\"width: 258px;\">\n<p align=\"center\"><span style=\"vertical-align: inherit;\"><span style=\"vertical-align: inherit;\"><span dir=\"auto\" style=\"vertical-align: inherit;\"><span dir=\"auto\" style=\"vertical-align: inherit;\">1,23~1,33<\/span><\/span><\/span><\/span><\/p>\n<\/td>\n<\/tr>\n<tr>\n<td style=\"width: 193px;\"><span style=\"vertical-align: inherit;\"><span style=\"vertical-align: inherit;\"><span dir=\"auto\" style=\"vertical-align: inherit;\"><span dir=\"auto\" style=\"vertical-align: inherit;\">Velikost \u010d\u00e1stic mm<\/span><\/span><\/span><\/span><\/td>\n<td style=\"width: 258px;\">\n<p align=\"center\"><span style=\"vertical-align: inherit;\"><span style=\"vertical-align: inherit;\"><span dir=\"auto\" style=\"vertical-align: inherit;\"><span dir=\"auto\" style=\"vertical-align: inherit;\">0,450~1,25<\/span><\/span><\/span><\/span><\/p>\n<\/td>\n<\/tr>\n<\/tbody>\n<\/table>\n<p>&nbsp;<\/td>\n<\/tr>\n<\/tbody>\n<\/table>\n<div id=\"gtx-trans\" style=\"position: absolute; left: -43px; top: 1.63068px;\">\n<div class=\"gtx-trans-icon\"><\/div>\n<\/div>\n","protected":false},"excerpt":{"rendered":"<p>V\u00fdm\u011bnn\u00e1 prysky\u0159ice ZG 107SO m\u00e1 v\u00fdhody lipofility a hydrofobnosti. Popis:\u00a0 Technick\u00fdm z\u00e1kladem pro odstra\u0148ov\u00e1n\u00ed oleje pomoc\u00ed v\u00fdm\u011bnn\u00fdch prysky\u0159ic je vyu\u017eit\u00ed lipofiln\u00edch a hydrofobn\u00edch vlastnost\u00ed specializovan\u00fdch vysokoteplotn\u00edch v\u00fdm\u011bnn\u00fdch prysky\u0159ic k odd\u011blen\u00ed emulgovan\u00fdch molekul oleje od molekul rozpustn\u00fdch v oleji a sou\u010dasn\u00e9mu odstran\u011bn\u00ed oleje. Instalace v\u00fdm\u011bnn\u00e9ho filtru na za\u0159\u00edzen\u00ed pro odstra\u0148ov\u00e1n\u00ed oleje umo\u017e\u0148uje v\u00fdm\u011bnn\u00e9 prysky\u0159ici shroma\u017e\u010fovat molekuly&#8230;<\/p>\n","protected":false},"featured_media":1873,"comment_status":"closed","ping_status":"closed","template":"","meta":[],"product_cat":[620,502],"product_tag":[],"class_list":["post-3777","product","type-product","status-publish","has-post-thumbnail","hentry","product_cat-bezne-pryskyrice","product_cat-produkty-cs"],"_links":{"self":[{"href":"https:\/\/hydrolite.eu\/cs\/wp-json\/wp\/v2\/product\/3777","targetHints":{"allow":["GET"]}}],"collection":[{"href":"https:\/\/hydrolite.eu\/cs\/wp-json\/wp\/v2\/product"}],"about":[{"href":"https:\/\/hydrolite.eu\/cs\/wp-json\/wp\/v2\/types\/product"}],"replies":[{"embeddable":true,"href":"https:\/\/hydrolite.eu\/cs\/wp-json\/wp\/v2\/comments?post=3777"}],"wp:featuredmedia":[{"embeddable":true,"href":"https:\/\/hydrolite.eu\/cs\/wp-json\/wp\/v2\/media\/1873"}],"wp:attachment":[{"href":"https:\/\/hydrolite.eu\/cs\/wp-json\/wp\/v2\/media?parent=3777"}],"wp:term":[{"taxonomy":"product_cat","embeddable":true,"href":"https:\/\/hydrolite.eu\/cs\/wp-json\/wp\/v2\/product_cat?post=3777"},{"taxonomy":"product_tag","embeddable":true,"href":"https:\/\/hydrolite.eu\/cs\/wp-json\/wp\/v2\/product_tag?post=3777"}],"curies":[{"name":"wp","href":"https:\/\/api.w.org\/{rel}","templated":true}]}}