{"id":3775,"date":"2025-09-21T13:38:31","date_gmt":"2025-10-15T09:41:17","guid":{"rendered":"https:\/\/hydrolite.eu\/?post_type=product&#038;p=3775"},"modified":"2025-10-15T12:41:18","modified_gmt":"2025-10-15T09:41:18","slug":"makroporezni-adsorbent-zg-sd300-se-specialnim-prumerem-poru","status":"publish","type":"product","link":"https:\/\/hydrolite.eu\/cs\/product\/makroporezni-adsorbent-zg-sd300-se-specialnim-prumerem-poru\/","title":{"rendered":"Makropor\u00e9zn\u00ed adsorbent ZG SD300 se speci\u00e1ln\u00edm pr\u016fm\u011brem p\u00f3r\u016f"},"content":{"rendered":"<table border=\"0\" width=\"100%\" cellspacing=\"1\" cellpadding=\"0\" align=\"center\" bgcolor=\"dee8f3\">\n<tbody>\n<tr>\n<td align=\"left\" bgcolor=\"054696\" width=\"70%\" height=\"50\">\n<div class=\"zzzzz1\" align=\"center\"><span style=\"vertical-align: inherit;\"><span style=\"vertical-align: inherit;\"><span dir=\"auto\" style=\"vertical-align: inherit;\"><span dir=\"auto\" style=\"vertical-align: inherit;\">Makropor\u00e9zn\u00ed adsorbent ZG SD300 se speci\u00e1ln\u00edm pr\u016fm\u011brem p\u00f3r\u016f<\/span><\/span><\/span><\/span><\/div>\n<\/td>\n<\/tr>\n<tr>\n<td style=\"padding: 20px;\" align=\"left\" bgcolor=\"#FFFFFF\">\n<p style=\"margin-left: 20.2500pt;\"><strong><span style=\"vertical-align: inherit;\"><span style=\"vertical-align: inherit;\"><span dir=\"auto\" style=\"vertical-align: inherit;\"><span dir=\"auto\" style=\"vertical-align: inherit;\">1. <\/span><\/span><\/span><\/span><\/strong>\u00a0<strong><span style=\"vertical-align: inherit;\"><span style=\"vertical-align: inherit;\"><span dir=\"auto\" style=\"vertical-align: inherit;\"><span dir=\"auto\" style=\"vertical-align: inherit;\">Popis:<\/span><\/span><\/span><\/span><\/strong><\/p>\n<p style=\"margin-left: 19.6000pt;\"><span style=\"vertical-align: inherit;\"><span style=\"vertical-align: inherit;\"><span dir=\"auto\" style=\"vertical-align: inherit;\"><span dir=\"auto\" style=\"vertical-align: inherit;\">Hydrolite ZG SD330 je makropor\u00e9zn\u00ed adsorbent se speci\u00e1ln\u00edm pr\u016fm\u011brem p\u00f3r\u016f; m\u00e1 velk\u00fd specifick\u00fd povrch a optim\u00e1ln\u00ed rozm\u011bry ve srovn\u00e1n\u00ed s b\u011b\u017en\u00fdmi adsorbenty, co\u017e zaji\u0161\u0165uje lep\u0161\u00ed adsorp\u010dn\u00ed kapacitu a rychlost eluce organick\u00fdch l\u00e1tek a organick\u00fdch barviv a je obzvl\u00e1\u0161t\u011b vhodn\u00fd pro odstra\u0148ov\u00e1n\u00ed z\u00e1pachu a chuti sirupu s vysok\u00fdm obsahem frukt\u00f3zy.<\/span><\/span><\/span><\/span><\/p>\n<p style=\"margin-left: 20.2500pt;\"><span style=\"vertical-align: inherit;\"><span style=\"vertical-align: inherit;\"><span dir=\"auto\" style=\"vertical-align: inherit;\"><span dir=\"auto\" style=\"vertical-align: inherit;\">D\u00edky speci\u00e1ln\u00ed velikosti p\u00f3r\u016f dok\u00e1\u017ee nejen odstranit z\u00e1pach ze sirupu, ale tak\u00e9 udr\u017eet jeho pH. Pokud m\u00e1 v\u00fdchoz\u00ed materi\u00e1l vysok\u00e9 pH, m\u016f\u017ee se pH po pou\u017eit\u00ed SD300 m\u00edrn\u011b sn\u00ed\u017eit.<\/span><\/span><\/span><\/span><\/p>\n<p style=\"margin-left: 19.9500pt;\"><span style=\"vertical-align: inherit;\"><span style=\"vertical-align: inherit;\"><span dir=\"auto\" style=\"vertical-align: inherit;\"><span dir=\"auto\" style=\"vertical-align: inherit;\">Tento produkt dok\u00e1\u017ee tak\u00e9 absorbovat a odd\u011blovat pol\u00e1rn\u00ed l\u00e1tky ve vodn\u00fdch i nevodn\u00fdch roztoc\u00edch a odstra\u0148ovat z\u00e1pach z malt\u00f3zy.<\/span><\/span><\/span><\/span><\/p>\n<p style=\"margin-left: 19.6500pt;\"><strong><span style=\"vertical-align: inherit;\"><span style=\"vertical-align: inherit;\"><span dir=\"auto\" style=\"vertical-align: inherit;\"><span dir=\"auto\" style=\"vertical-align: inherit;\">2. <\/span><\/span><\/span><\/span><\/strong>\u00a0\u00a0\u00a0<strong><span style=\"vertical-align: inherit;\"><span style=\"vertical-align: inherit;\"><span dir=\"auto\" style=\"vertical-align: inherit;\"><span dir=\"auto\" style=\"vertical-align: inherit;\">Fyzik\u00e1ln\u00ed <\/span><\/span><\/span><\/span><\/strong>\u00a0<strong><span style=\"vertical-align: inherit;\"><span style=\"vertical-align: inherit;\"><span dir=\"auto\" style=\"vertical-align: inherit;\"><span dir=\"auto\" style=\"vertical-align: inherit;\">a <\/span><\/span><\/span><\/span><\/strong>\u00a0<strong><span style=\"vertical-align: inherit;\"><span style=\"vertical-align: inherit;\"><span dir=\"auto\" style=\"vertical-align: inherit;\"><span dir=\"auto\" style=\"vertical-align: inherit;\">chemick\u00e9 <\/span><\/span><\/span><\/span><\/strong>\u00a0<strong><span style=\"vertical-align: inherit;\"><span style=\"vertical-align: inherit;\"><span dir=\"auto\" style=\"vertical-align: inherit;\"><span dir=\"auto\" style=\"vertical-align: inherit;\">vlastnosti:<\/span><\/span><\/span><\/span><\/strong><\/p>\n<table style=\"width: 100%;\" border=\"1\" cellspacing=\"0\">\n<tbody>\n<tr>\n<td style=\"width: 211px;\" colspan=\"2\">\n<p style=\"margin-left: 51.85pt; text-align: center;\"><span dir=\"auto\" style=\"vertical-align: inherit;\"><span dir=\"auto\" style=\"vertical-align: inherit;\">Parametry<\/span><\/span><\/p>\n<\/td>\n<td style=\"width: 191px;\">\n<p style=\"margin-left: 59.6pt; text-align: center;\"><span style=\"vertical-align: inherit;\"><span style=\"vertical-align: inherit;\"><span dir=\"auto\" style=\"vertical-align: inherit;\"><span dir=\"auto\" style=\"vertical-align: inherit;\">V\u00fdznam<\/span><\/span><\/span><\/span><\/p>\n<\/td>\n<\/tr>\n<tr>\n<td style=\"width: 211px;\" colspan=\"2\">\n<p style=\"margin-left: 5.9pt; text-align: center;\"><span style=\"vertical-align: inherit;\"><span style=\"vertical-align: inherit;\"><span dir=\"auto\" style=\"vertical-align: inherit;\"><span dir=\"auto\" style=\"vertical-align: inherit;\">Kategorie<\/span><\/span><\/span><\/span><\/p>\n<\/td>\n<td style=\"width: 191px;\">\n<p style=\"margin-left: 33.95pt; text-align: center;\"><span style=\"vertical-align: inherit;\"><span style=\"vertical-align: inherit;\"><span dir=\"auto\" style=\"vertical-align: inherit;\"><span dir=\"auto\" style=\"vertical-align: inherit;\">Aromatick\u00e9 slou\u010deniny<\/span><\/span><\/span><\/span><\/p>\n<\/td>\n<\/tr>\n<tr>\n<td style=\"width: 211px;\" colspan=\"2\">\n<p style=\"margin-left: 6.15pt; text-align: center;\"><span style=\"vertical-align: inherit;\"><span style=\"vertical-align: inherit;\"><span dir=\"auto\" style=\"vertical-align: inherit;\"><span dir=\"auto\" style=\"vertical-align: inherit;\">Matice<\/span><\/span><\/span><\/span><\/p>\n<\/td>\n<td style=\"width: 191px;\">\n<p style=\"margin-left: 53.8pt; text-align: center;\"><span dir=\"auto\" style=\"vertical-align: inherit;\"><span dir=\"auto\" style=\"vertical-align: inherit;\">Styren<\/span><\/span><\/p>\n<\/td>\n<\/tr>\n<tr>\n<td style=\"width: 211px;\" colspan=\"2\">\n<p style=\"margin-left: 6.15pt; text-align: center;\"><span style=\"vertical-align: inherit;\"><span style=\"vertical-align: inherit;\"><span dir=\"auto\" style=\"vertical-align: inherit;\"><span dir=\"auto\" style=\"vertical-align: inherit;\">Obsah vlhkosti %<\/span><\/span><\/span><\/span><\/p>\n<\/td>\n<td style=\"width: 191px;\">\n<p style=\"margin-left: 54.95pt; text-align: center;\"><span style=\"vertical-align: inherit;\"><span style=\"vertical-align: inherit;\"><span dir=\"auto\" style=\"vertical-align: inherit;\"><span dir=\"auto\" style=\"vertical-align: inherit;\">50~60<\/span><\/span><\/span><\/span><\/p>\n<\/td>\n<\/tr>\n<tr>\n<td style=\"width: 140px;\">\n<p style=\"margin-left: 5.85pt; text-align: center;\"><span style=\"vertical-align: inherit;\"><span style=\"vertical-align: inherit;\"><span dir=\"auto\" style=\"vertical-align: inherit;\"><span dir=\"auto\" style=\"vertical-align: inherit;\">M\u011brn\u00fd povrch<\/span><\/span><\/span><\/span><\/p>\n<\/td>\n<td style=\"width: 71px;\">\n<p style=\"margin-left: 23.85pt; text-align: center;\"><span dir=\"auto\" style=\"vertical-align: inherit;\"><span dir=\"auto\" style=\"vertical-align: inherit;\">m\u00b2\/g<\/span><\/span><\/p>\n<\/td>\n<td style=\"width: 191px;\">\n<p style=\"margin-left: 46.2pt; text-align: center;\"><span style=\"vertical-align: inherit;\"><span style=\"vertical-align: inherit;\"><span dir=\"auto\" style=\"vertical-align: inherit;\"><span dir=\"auto\" style=\"vertical-align: inherit;\">800~1500<\/span><\/span><\/span><\/span><\/p>\n<\/td>\n<\/tr>\n<tr>\n<td style=\"width: 211px;\" colspan=\"2\">\n<p style=\"margin-left: 6.2pt; text-align: center;\"><span style=\"vertical-align: inherit;\"><span style=\"vertical-align: inherit;\"><span dir=\"auto\" style=\"vertical-align: inherit;\"><span dir=\"auto\" style=\"vertical-align: inherit;\">Objem p\u00f3r\u016f, ml\/g<\/span><\/span><\/span><\/span><\/p>\n<\/td>\n<td style=\"width: 191px;\">\n<p style=\"margin-left: 60.3pt; text-align: center;\"><span style=\"vertical-align: inherit;\"><span style=\"vertical-align: inherit;\"><span dir=\"auto\" style=\"vertical-align: inherit;\"><span dir=\"auto\" style=\"vertical-align: inherit;\">\u22650,5<\/span><\/span><\/span><\/span><\/p>\n<\/td>\n<\/tr>\n<tr>\n<td style=\"width: 140px;\">\n<p style=\"margin-left: 6.2pt; text-align: center;\"><span style=\"vertical-align: inherit;\"><span style=\"vertical-align: inherit;\"><span dir=\"auto\" style=\"vertical-align: inherit;\"><span dir=\"auto\" style=\"vertical-align: inherit;\">Velikost p\u00f3r\u016f<\/span><\/span><\/span><\/span><\/p>\n<\/td>\n<td style=\"width: 71px;\">\n<p style=\"margin-left: 4.05pt; text-align: center;\"><span dir=\"auto\" style=\"vertical-align: inherit;\"><span dir=\"auto\" style=\"vertical-align: inherit;\">nm<\/span><\/span><\/p>\n<\/td>\n<td style=\"width: 191px;\">\n<p style=\"margin-left: 60.3pt; text-align: center;\"><span style=\"vertical-align: inherit;\"><span style=\"vertical-align: inherit;\"><span dir=\"auto\" style=\"vertical-align: inherit;\"><span dir=\"auto\" style=\"vertical-align: inherit;\">\u22653,2<\/span><\/span><\/span><\/span><\/p>\n<\/td>\n<\/tr>\n<tr>\n<td style=\"width: 211px;\" colspan=\"2\">\n<p style=\"margin-left: 5.85pt; text-align: center;\"><span style=\"vertical-align: inherit;\"><span style=\"vertical-align: inherit;\"><span dir=\"auto\" style=\"vertical-align: inherit;\"><span dir=\"auto\" style=\"vertical-align: inherit;\">P\u0159epravn\u00ed hmotnost, g\/ml<\/span><\/span><\/span><\/span><\/p>\n<\/td>\n<td style=\"width: 191px;\">\n<p style=\"margin-left: 49.7pt; text-align: center;\"><span style=\"vertical-align: inherit;\"><span style=\"vertical-align: inherit;\"><span dir=\"auto\" style=\"vertical-align: inherit;\"><span dir=\"auto\" style=\"vertical-align: inherit;\">0,65\u20130,75<\/span><\/span><\/span><\/span><\/p>\n<\/td>\n<\/tr>\n<\/tbody>\n<\/table>\n<p>&nbsp;<\/td>\n<\/tr>\n<\/tbody>\n<\/table>\n","protected":false},"excerpt":{"rendered":"<p>Makropor\u00e9zn\u00ed adsorbent ZG SD300 se speci\u00e1ln\u00edm pr\u016fm\u011brem p\u00f3r\u016f 1. \u00a0Popis: Hydrolite ZG SD330 je makropor\u00e9zn\u00ed adsorbent se speci\u00e1ln\u00edm pr\u016fm\u011brem p\u00f3r\u016f; m\u00e1 velk\u00fd specifick\u00fd povrch a optim\u00e1ln\u00ed rozm\u011bry ve srovn\u00e1n\u00ed s b\u011b\u017en\u00fdmi adsorbenty, co\u017e zaji\u0161\u0165uje lep\u0161\u00ed adsorp\u010dn\u00ed kapacitu a rychlost eluce organick\u00fdch l\u00e1tek a organick\u00fdch barviv a je obzvl\u00e1\u0161t\u011b vhodn\u00fd pro odstra\u0148ov\u00e1n\u00ed z\u00e1pachu a chuti sirupu&#8230;<\/p>\n","protected":false},"featured_media":1873,"comment_status":"closed","ping_status":"closed","template":"","meta":[],"product_cat":[620,502],"product_tag":[],"class_list":["post-3775","product","type-product","status-publish","has-post-thumbnail","hentry","product_cat-bezne-pryskyrice","product_cat-produkty-cs"],"_links":{"self":[{"href":"https:\/\/hydrolite.eu\/cs\/wp-json\/wp\/v2\/product\/3775","targetHints":{"allow":["GET"]}}],"collection":[{"href":"https:\/\/hydrolite.eu\/cs\/wp-json\/wp\/v2\/product"}],"about":[{"href":"https:\/\/hydrolite.eu\/cs\/wp-json\/wp\/v2\/types\/product"}],"replies":[{"embeddable":true,"href":"https:\/\/hydrolite.eu\/cs\/wp-json\/wp\/v2\/comments?post=3775"}],"wp:featuredmedia":[{"embeddable":true,"href":"https:\/\/hydrolite.eu\/cs\/wp-json\/wp\/v2\/media\/1873"}],"wp:attachment":[{"href":"https:\/\/hydrolite.eu\/cs\/wp-json\/wp\/v2\/media?parent=3775"}],"wp:term":[{"taxonomy":"product_cat","embeddable":true,"href":"https:\/\/hydrolite.eu\/cs\/wp-json\/wp\/v2\/product_cat?post=3775"},{"taxonomy":"product_tag","embeddable":true,"href":"https:\/\/hydrolite.eu\/cs\/wp-json\/wp\/v2\/product_tag?post=3775"}],"curies":[{"name":"wp","href":"https:\/\/api.w.org\/{rel}","templated":true}]}}