{"id":3395,"date":"2025-09-21T13:39:12","date_gmt":"2025-10-12T14:59:34","guid":{"rendered":"https:\/\/hydrolite.eu\/?post_type=product&#038;p=3395"},"modified":"2025-10-12T17:59:34","modified_gmt":"2025-10-12T14:59:34","slug":"cd-552-makroporezni-silne-kysela-kationtomenicova-pryskyrice-specialni-pro-katalyzu","status":"publish","type":"product","link":"https:\/\/hydrolite.eu\/cs\/product\/cd-552-makroporezni-silne-kysela-kationtomenicova-pryskyrice-specialni-pro-katalyzu\/","title":{"rendered":"CD 552 makropor\u00e9zn\u00ed siln\u011b kysel\u00e1 kationtom\u011bni\u010dov\u00e1 prysky\u0159ice, speci\u00e1ln\u00ed pro katal\u00fdzu"},"content":{"rendered":"<p><strong><span style=\"vertical-align: inherit;\"><span style=\"vertical-align: inherit;\"><span dir=\"auto\" style=\"vertical-align: inherit;\"><span dir=\"auto\" style=\"vertical-align: inherit;\">1. \u00davod<\/span><\/span><\/span><\/span><\/strong><\/p>\n<p align=\"justify\"><span style=\"vertical-align: inherit;\"><span style=\"vertical-align: inherit;\"><span dir=\"auto\" style=\"vertical-align: inherit;\"><span dir=\"auto\" style=\"vertical-align: inherit;\">Prysky\u0159ice Hydrolite CD 552 je kationtom\u011bni\u010dov\u00e1 prysky\u0159ice obsahuj\u00edc\u00ed sulfon\u00e1tovou skupinu (-SO3H <\/span><\/span><\/span><\/span><sub><span style=\"vertical-align: inherit;\"><span style=\"vertical-align: inherit;\"><span dir=\"auto\" style=\"vertical-align: inherit;\"><span dir=\"auto\" style=\"vertical-align: inherit;\">)<\/span><\/span><\/span><\/span><\/sub><span style=\"vertical-align: inherit;\"><span style=\"vertical-align: inherit;\"><span dir=\"auto\" style=\"vertical-align: inherit;\"><span dir=\"auto\" style=\"vertical-align: inherit;\"> v kopolymeru styrenu a divinylbenzenu s makropor\u00e9zn\u00ed strukturou. Pou\u017e\u00edv\u00e1 se konkr\u00e9tn\u011b v procesu v\u00fdroby hexamethylenglykolu k odstra\u0148ov\u00e1n\u00ed aldehyd\u016f. Tato prysky\u0159ice vykazuje vynikaj\u00edc\u00ed katalytick\u00e9 vlastnosti pro kondenza\u010dn\u00ed reakci aldehyd-hexamethylenglykol, co\u017e zaji\u0161\u0165uje \u00fa\u010dinn\u00e9 odstra\u0148ov\u00e1n\u00ed aldehyd\u016f.<\/span><\/span><\/span><\/span><\/p>\n<p><strong><span style=\"vertical-align: inherit;\"><span style=\"vertical-align: inherit;\"><span dir=\"auto\" style=\"vertical-align: inherit;\"><span dir=\"auto\" style=\"vertical-align: inherit;\">2. Fyzik\u00e1ln\u011b-chemick\u00e9 vlastnosti<\/span><\/span><\/span><\/span><\/strong><\/p>\n<table class=\"big\" width=\"90%\" cellspacing=\"1\" cellpadding=\"0\" align=\"center\" bgcolor=\"#666666\">\n<tbody>\n<tr bgcolor=\"#fffaee\">\n<td>\n<p align=\"center\"><span style=\"vertical-align: inherit;\"><span style=\"vertical-align: inherit;\"><span dir=\"auto\" style=\"vertical-align: inherit;\"><span dir=\"auto\" style=\"vertical-align: inherit;\">N\u00e1zev indik\u00e1toru<\/span><\/span><\/span><\/span><\/p>\n<\/td>\n<td>\n<p align=\"center\"><span style=\"vertical-align: inherit;\"><span style=\"vertical-align: inherit;\"><span dir=\"auto\" style=\"vertical-align: inherit;\"><span dir=\"auto\" style=\"vertical-align: inherit;\">V\u00fdznam<\/span><\/span><\/span><\/span><\/p>\n<\/td>\n<\/tr>\n<tr bgcolor=\"#ffffff\">\n<td>\n<p align=\"center\"><span style=\"vertical-align: inherit;\"><span style=\"vertical-align: inherit;\"><span dir=\"auto\" style=\"vertical-align: inherit;\"><span dir=\"auto\" style=\"vertical-align: inherit;\">Obsah vlhkosti, %<\/span><\/span><\/span><\/span><\/p>\n<\/td>\n<td>\n<p align=\"center\"><span style=\"vertical-align: inherit;\"><span style=\"vertical-align: inherit;\"><span dir=\"auto\" style=\"vertical-align: inherit;\"><span dir=\"auto\" style=\"vertical-align: inherit;\">\u22641,00<\/span><\/span><\/span><\/span><\/p>\n<\/td>\n<\/tr>\n<tr bgcolor=\"#ffffff\">\n<td>\n<p align=\"center\"><span style=\"vertical-align: inherit;\"><span style=\"vertical-align: inherit;\"><span dir=\"auto\" style=\"vertical-align: inherit;\"><span dir=\"auto\" style=\"vertical-align: inherit;\">Celkov\u00e1 v\u00fdm\u011bnn\u00e1 kapacita, mmol\/g<\/span><\/span><\/span><\/span><\/p>\n<\/td>\n<td>\n<p align=\"center\"><span style=\"vertical-align: inherit;\"><span style=\"vertical-align: inherit;\"><span dir=\"auto\" style=\"vertical-align: inherit;\"><span dir=\"auto\" style=\"vertical-align: inherit;\">\u22655,0<\/span><\/span><\/span><\/span><\/p>\n<\/td>\n<\/tr>\n<tr bgcolor=\"#ffffff\">\n<td>\n<p align=\"center\"><span style=\"vertical-align: inherit;\"><span style=\"vertical-align: inherit;\"><span dir=\"auto\" style=\"vertical-align: inherit;\"><span dir=\"auto\" style=\"vertical-align: inherit;\">Objemov\u00e1 hustota, g\/ml<\/span><\/span><\/span><\/span><\/p>\n<\/td>\n<td>\n<p align=\"center\"><span style=\"vertical-align: inherit;\"><span style=\"vertical-align: inherit;\"><span dir=\"auto\" style=\"vertical-align: inherit;\"><span dir=\"auto\" style=\"vertical-align: inherit;\">0,55\u20130,65<\/span><\/span><\/span><\/span><\/p>\n<\/td>\n<\/tr>\n<tr bgcolor=\"#ffffff\">\n<td>\n<p align=\"center\"><span style=\"vertical-align: inherit;\"><span style=\"vertical-align: inherit;\"><span dir=\"auto\" style=\"vertical-align: inherit;\"><span dir=\"auto\" style=\"vertical-align: inherit;\">Rozsah velikosti \u010d\u00e1stic, %<\/span><\/span><\/span><\/span><\/p>\n<\/td>\n<td>\n<p align=\"center\"><span dir=\"auto\" style=\"vertical-align: inherit;\"><span dir=\"auto\" style=\"vertical-align: inherit;\">(0,45\u20131,250 mm) \u226595,0<\/span><\/span><\/p>\n<\/td>\n<\/tr>\n<tr bgcolor=\"#ffffff\">\n<td>\n<p align=\"center\"><span style=\"vertical-align: inherit;\"><span style=\"vertical-align: inherit;\"><span dir=\"auto\" style=\"vertical-align: inherit;\"><span dir=\"auto\" style=\"vertical-align: inherit;\">Maxim\u00e1ln\u00ed provozn\u00ed teplota, \u00b0C<\/span><\/span><\/span><\/span><\/p>\n<\/td>\n<td>\n<p align=\"center\"><span style=\"vertical-align: inherit;\"><span style=\"vertical-align: inherit;\"><span dir=\"auto\" style=\"vertical-align: inherit;\"><span dir=\"auto\" style=\"vertical-align: inherit;\">150<\/span><\/span><\/span><\/span><\/p>\n<\/td>\n<\/tr>\n<\/tbody>\n<\/table>\n","protected":false},"excerpt":{"rendered":"<p>1. \u00davod Prysky\u0159ice Hydrolite CD 552 je kationtom\u011bni\u010dov\u00e1 prysky\u0159ice obsahuj\u00edc\u00ed sulfon\u00e1tovou skupinu (-SO3H ) v kopolymeru styrenu a divinylbenzenu s makropor\u00e9zn\u00ed strukturou. Pou\u017e\u00edv\u00e1 se konkr\u00e9tn\u011b v procesu v\u00fdroby hexamethylenglykolu k odstra\u0148ov\u00e1n\u00ed aldehyd\u016f. Tato prysky\u0159ice vykazuje vynikaj\u00edc\u00ed katalytick\u00e9 vlastnosti pro kondenza\u010dn\u00ed reakci aldehyd-hexamethylenglykol, co\u017e zaji\u0161\u0165uje \u00fa\u010dinn\u00e9 odstra\u0148ov\u00e1n\u00ed aldehyd\u016f. 2. Fyzik\u00e1ln\u011b-chemick\u00e9 vlastnosti N\u00e1zev indik\u00e1toru V\u00fdznam Obsah vlhkosti,&#8230;<\/p>\n","protected":false},"featured_media":1873,"comment_status":"closed","ping_status":"closed","template":"","meta":[],"product_cat":[581,502],"product_tag":[],"class_list":["post-3395","product","type-product","status-publish","has-post-thumbnail","hentry","product_cat-katalyticke-pryskyrice-cs-2","product_cat-produkty-cs"],"_links":{"self":[{"href":"https:\/\/hydrolite.eu\/cs\/wp-json\/wp\/v2\/product\/3395","targetHints":{"allow":["GET"]}}],"collection":[{"href":"https:\/\/hydrolite.eu\/cs\/wp-json\/wp\/v2\/product"}],"about":[{"href":"https:\/\/hydrolite.eu\/cs\/wp-json\/wp\/v2\/types\/product"}],"replies":[{"embeddable":true,"href":"https:\/\/hydrolite.eu\/cs\/wp-json\/wp\/v2\/comments?post=3395"}],"wp:featuredmedia":[{"embeddable":true,"href":"https:\/\/hydrolite.eu\/cs\/wp-json\/wp\/v2\/media\/1873"}],"wp:attachment":[{"href":"https:\/\/hydrolite.eu\/cs\/wp-json\/wp\/v2\/media?parent=3395"}],"wp:term":[{"taxonomy":"product_cat","embeddable":true,"href":"https:\/\/hydrolite.eu\/cs\/wp-json\/wp\/v2\/product_cat?post=3395"},{"taxonomy":"product_tag","embeddable":true,"href":"https:\/\/hydrolite.eu\/cs\/wp-json\/wp\/v2\/product_tag?post=3395"}],"curies":[{"name":"wp","href":"https:\/\/api.w.org\/{rel}","templated":true}]}}