{"id":3229,"date":"2025-09-21T13:39:39","date_gmt":"2025-10-07T15:13:03","guid":{"rendered":"https:\/\/hydrolite.eu\/?post_type=product&#038;p=3229"},"modified":"2025-10-07T18:13:03","modified_gmt":"2025-10-07T15:13:03","slug":"kationtomenicova-pryskyrice-zg-bsl-s-barevnou-indikaci","status":"publish","type":"product","link":"https:\/\/hydrolite.eu\/cs\/product\/kationtomenicova-pryskyrice-zg-bsl-s-barevnou-indikaci\/","title":{"rendered":"Kationtom\u011bni\u010dov\u00e1 prysky\u0159ice ZG BSL s barevnou indikac\u00ed"},"content":{"rendered":"<p><strong><span style=\"vertical-align: inherit;\"><span style=\"vertical-align: inherit;\"><span dir=\"auto\" style=\"vertical-align: inherit;\"><span dir=\"auto\" style=\"vertical-align: inherit;\">1. \u00davod<\/span><\/span><\/span><\/span><\/strong><\/p>\n<p align=\"justify\"><span style=\"vertical-align: inherit;\"><span class=\"\" style=\"vertical-align: inherit;\"><span dir=\"auto\" style=\"vertical-align: inherit;\"><span dir=\"auto\" style=\"vertical-align: inherit;\">Kationtov\u00e1 indik\u00e1torov\u00e1 prysky\u0159ice Hydrolite ZG BSL je vysoce kysel\u00e1 kationtov\u00e1 indik\u00e1torov\u00e1 prysky\u0159ice, kter\u00e1 nejen\u017ee vym\u011b\u0148uje kationty v roztoku, ale tak\u00e9 vykazuje v\u00fdrazn\u00e9 charakteristiky barevn\u00e9ho indik\u00e1toru. Tato prysky\u0159ice je v redukovan\u00e9 form\u011b (H) smaragdov\u011b zelen\u00e1 a p\u0159i rozkladu (Na) se zbarv\u00ed do tmav\u011b modr\u00e9. Zm\u011bna barvy je velmi v\u00fdrazn\u00e1. Indik\u00e1torov\u00e1 prysky\u0159ice ZG BSL se pou\u017e\u00edv\u00e1 p\u0159edev\u0161\u00edm k m\u011b\u0159en\u00ed kationtov\u00e9 vodivosti p\u00e1ry a kondenzovan\u00e9 vody ve filtrech se sm\u011bsn\u00fdmi sedimenty na v\u00fdstupu. Indik\u00e1torov\u00e1 prysky\u0159ice se vkl\u00e1d\u00e1 do pr\u016fhledn\u00e9 v\u00fdm\u011bnn\u00e9 n\u00e1doby o pr\u016fm\u011bru men\u0161\u00edm ne\u017e 50 mm, kde se stopov\u00e9 miner\u00e1ly ve vod\u011b mohou vym\u011b\u0148ovat s kyselinou, co\u017e v\u00fdrazn\u011b zvy\u0161uje citlivost monitorov\u00e1n\u00ed kationt\u016f. Z\u00e1rove\u0148 se barva prysky\u0159ice p\u0159i rozkladu zm\u011bn\u00ed na tmav\u011b modrou, co\u017e indikuje provozn\u00ed stav v\u00fdm\u011bnn\u00e9 n\u00e1doby. Kationtovou prysky\u0159ici indik\u00e1torov\u00e9 barvy ZG BSL lze tak\u00e9 sm\u00edchat s aniontovou prysky\u0159ic\u00ed indik\u00e1torov\u00e9 barvy ZG BSY (nebo siln\u011b bazickou aniontovou prysky\u0159ic\u00ed) a p\u0159im\u00edchat ji do \u010dir\u00e9ho v\u00fdm\u011bnn\u00e9ho kotle jako sm\u011bsnou prysky\u0159ici s indik\u00e1torem pro monitorov\u00e1n\u00ed vnit\u0159n\u00ed chladic\u00ed vody gener\u00e1toru v elektr\u00e1rn\u00e1ch nebo v elektronick\u00fdch za\u0159\u00edzen\u00edch v potravin\u00e1\u0159sk\u00e9m a l\u00e9ka\u0159sk\u00e9m pr\u016fmyslu.<\/span><\/span><\/span><\/span><\/p>\n<p><strong><span style=\"vertical-align: inherit;\"><span style=\"vertical-align: inherit;\"><span dir=\"auto\" style=\"vertical-align: inherit;\"><span dir=\"auto\" style=\"vertical-align: inherit;\">2. Fyzik\u00e1ln\u00ed a chemick\u00e9 vlastnosti<\/span><\/span><\/span><\/span><\/strong><\/p>\n<table class=\"big\" width=\"90%\" cellspacing=\"1\" cellpadding=\"0\" align=\"center\" bgcolor=\"#666666\">\n<tbody>\n<tr bgcolor=\"#fffaee\">\n<td>\n<p align=\"center\"><span style=\"vertical-align: inherit;\"><span style=\"vertical-align: inherit;\"><span dir=\"auto\" style=\"vertical-align: inherit;\"><span dir=\"auto\" style=\"vertical-align: inherit;\">N\u00e1zev indik\u00e1toru<\/span><\/span><\/span><\/span><\/p>\n<\/td>\n<td>\n<p align=\"center\"><span style=\"vertical-align: inherit;\"><span style=\"vertical-align: inherit;\"><span dir=\"auto\" style=\"vertical-align: inherit;\"><span dir=\"auto\" style=\"vertical-align: inherit;\">Indik\u00e1tor<\/span><\/span><\/span><\/span><\/p>\n<\/td>\n<\/tr>\n<tr bgcolor=\"#ffffff\">\n<td>\n<p align=\"center\"><span style=\"vertical-align: inherit;\"><span style=\"vertical-align: inherit;\"><span dir=\"auto\" style=\"vertical-align: inherit;\"><span dir=\"auto\" style=\"vertical-align: inherit;\">Formul\u00e1\u0159 p\u0159i prodeji<\/span><\/span><\/span><\/span><\/p>\n<\/td>\n<td>\n<p align=\"center\"><span style=\"vertical-align: inherit;\"><span style=\"vertical-align: inherit;\"><span dir=\"auto\" style=\"vertical-align: inherit;\"><span dir=\"auto\" style=\"vertical-align: inherit;\">Co<\/span><\/span><\/span><\/span><\/p>\n<\/td>\n<\/tr>\n<tr bgcolor=\"#ffffff\">\n<td>\n<p align=\"center\"><span style=\"vertical-align: inherit;\"><span style=\"vertical-align: inherit;\"><span dir=\"auto\" style=\"vertical-align: inherit;\"><span dir=\"auto\" style=\"vertical-align: inherit;\">Vzhled<\/span><\/span><\/span><\/span><\/p>\n<\/td>\n<td>\n<p align=\"center\"><span style=\"vertical-align: inherit;\"><span style=\"vertical-align: inherit;\"><span dir=\"auto\" style=\"vertical-align: inherit;\"><span dir=\"auto\" style=\"vertical-align: inherit;\">Tmav\u011b modr\u00e9 kulovit\u00e9 granule<\/span><\/span><\/span><\/span><\/p>\n<\/td>\n<\/tr>\n<tr bgcolor=\"#ffffff\">\n<td>\n<p align=\"center\"><span style=\"vertical-align: inherit;\"><span style=\"vertical-align: inherit;\"><span dir=\"auto\" style=\"vertical-align: inherit;\"><span dir=\"auto\" style=\"vertical-align: inherit;\">Obsah vody %<\/span><\/span><\/span><\/span><\/p>\n<\/td>\n<td>\n<p align=\"center\"><span style=\"vertical-align: inherit;\"><span style=\"vertical-align: inherit;\"><span dir=\"auto\" style=\"vertical-align: inherit;\"><span dir=\"auto\" style=\"vertical-align: inherit;\">45,0\u201352,0<\/span><\/span><\/span><\/span><\/p>\n<\/td>\n<\/tr>\n<tr bgcolor=\"#ffffff\">\n<td>\n<p align=\"center\"><span style=\"vertical-align: inherit;\"><span style=\"vertical-align: inherit;\"><span dir=\"auto\" style=\"vertical-align: inherit;\"><span dir=\"auto\" style=\"vertical-align: inherit;\">Celkov\u00e1 v\u00fdm\u011bnn\u00e1 kapacita podle kvality, mmol\/g<\/span><\/span><\/span><\/span><\/p>\n<\/td>\n<td>\n<p align=\"center\"><span style=\"vertical-align: inherit;\"><span style=\"vertical-align: inherit;\"><span dir=\"auto\" style=\"vertical-align: inherit;\"><span dir=\"auto\" style=\"vertical-align: inherit;\">\u22654,40<\/span><\/span><\/span><\/span><\/p>\n<\/td>\n<\/tr>\n<tr bgcolor=\"#ffffff\">\n<td>\n<p align=\"center\"><span style=\"vertical-align: inherit;\"><span style=\"vertical-align: inherit;\"><span dir=\"auto\" style=\"vertical-align: inherit;\"><span dir=\"auto\" style=\"vertical-align: inherit;\">Objemov\u00e1 v\u00fdm\u011bnn\u00e1 kapacita, mmol\/ml<\/span><\/span><\/span><\/span><\/p>\n<\/td>\n<td>\n<p align=\"center\"><span style=\"vertical-align: inherit;\"><span style=\"vertical-align: inherit;\"><span dir=\"auto\" style=\"vertical-align: inherit;\"><span dir=\"auto\" style=\"vertical-align: inherit;\">\u22651,80<\/span><\/span><\/span><\/span><\/p>\n<\/td>\n<\/tr>\n<tr bgcolor=\"#ffffff\">\n<td>\n<p align=\"center\"><span style=\"vertical-align: inherit;\"><span style=\"vertical-align: inherit;\"><span dir=\"auto\" style=\"vertical-align: inherit;\"><span dir=\"auto\" style=\"vertical-align: inherit;\">Objemov\u00e1 hustota, g\/ml<\/span><\/span><\/span><\/span><\/p>\n<\/td>\n<td>\n<p align=\"center\"><span style=\"vertical-align: inherit;\"><span style=\"vertical-align: inherit;\"><span dir=\"auto\" style=\"vertical-align: inherit;\"><span dir=\"auto\" style=\"vertical-align: inherit;\">0,79\u20130,89<\/span><\/span><\/span><\/span><\/p>\n<\/td>\n<\/tr>\n<tr bgcolor=\"#ffffff\">\n<td>\n<p align=\"center\"><span style=\"vertical-align: inherit;\"><span style=\"vertical-align: inherit;\"><span dir=\"auto\" style=\"vertical-align: inherit;\"><span dir=\"auto\" style=\"vertical-align: inherit;\">Velikost granul\u00ed, %<\/span><\/span><\/span><\/span><\/p>\n<\/td>\n<td>\n<p align=\"center\"><span dir=\"auto\" style=\"vertical-align: inherit;\"><span dir=\"auto\" style=\"vertical-align: inherit;\">(0,600\u20131,25 mm) \u226595,0<\/span><\/span><\/p>\n<\/td>\n<\/tr>\n<\/tbody>\n<\/table>\n","protected":false},"excerpt":{"rendered":"<p>1. \u00davod Kationtov\u00e1 indik\u00e1torov\u00e1 prysky\u0159ice Hydrolite ZG BSL je vysoce kysel\u00e1 kationtov\u00e1 indik\u00e1torov\u00e1 prysky\u0159ice, kter\u00e1 nejen\u017ee vym\u011b\u0148uje kationty v roztoku, ale tak\u00e9 vykazuje v\u00fdrazn\u00e9 charakteristiky barevn\u00e9ho indik\u00e1toru. Tato prysky\u0159ice je v redukovan\u00e9 form\u011b (H) smaragdov\u011b zelen\u00e1 a p\u0159i rozkladu (Na) se zbarv\u00ed do tmav\u011b modr\u00e9. Zm\u011bna barvy je velmi v\u00fdrazn\u00e1. Indik\u00e1torov\u00e1 prysky\u0159ice ZG BSL se&#8230;<\/p>\n","protected":false},"featured_media":1873,"comment_status":"closed","ping_status":"closed","template":"","meta":[],"product_cat":[568,502],"product_tag":[],"class_list":["post-3229","product","type-product","status-publish","has-post-thumbnail","hentry","product_cat-indikatorove-pryskyrice-cs","product_cat-produkty-cs"],"_links":{"self":[{"href":"https:\/\/hydrolite.eu\/cs\/wp-json\/wp\/v2\/product\/3229","targetHints":{"allow":["GET"]}}],"collection":[{"href":"https:\/\/hydrolite.eu\/cs\/wp-json\/wp\/v2\/product"}],"about":[{"href":"https:\/\/hydrolite.eu\/cs\/wp-json\/wp\/v2\/types\/product"}],"replies":[{"embeddable":true,"href":"https:\/\/hydrolite.eu\/cs\/wp-json\/wp\/v2\/comments?post=3229"}],"wp:featuredmedia":[{"embeddable":true,"href":"https:\/\/hydrolite.eu\/cs\/wp-json\/wp\/v2\/media\/1873"}],"wp:attachment":[{"href":"https:\/\/hydrolite.eu\/cs\/wp-json\/wp\/v2\/media?parent=3229"}],"wp:term":[{"taxonomy":"product_cat","embeddable":true,"href":"https:\/\/hydrolite.eu\/cs\/wp-json\/wp\/v2\/product_cat?post=3229"},{"taxonomy":"product_tag","embeddable":true,"href":"https:\/\/hydrolite.eu\/cs\/wp-json\/wp\/v2\/product_tag?post=3229"}],"curies":[{"name":"wp","href":"https:\/\/api.w.org\/{rel}","templated":true}]}}