{"id":3228,"date":"2025-09-21T13:39:40","date_gmt":"2025-10-07T15:09:00","guid":{"rendered":"https:\/\/hydrolite.eu\/?post_type=product&#038;p=3228"},"modified":"2025-10-07T18:09:00","modified_gmt":"2025-10-07T15:09:00","slug":"kationtova-indikatorova-pryskyrice-zg-bsh","status":"publish","type":"product","link":"https:\/\/hydrolite.eu\/cs\/product\/kationtova-indikatorova-pryskyrice-zg-bsh\/","title":{"rendered":"Kationtov\u00e1 indik\u00e1torov\u00e1 prysky\u0159ice ZG BSH"},"content":{"rendered":"<p><strong><span style=\"vertical-align: inherit;\"><span style=\"vertical-align: inherit;\"><span dir=\"auto\" style=\"vertical-align: inherit;\"><span dir=\"auto\" style=\"vertical-align: inherit;\">1. \u00davod<\/span><\/span><\/span><\/span><\/strong><\/p>\n<p align=\"justify\"><span style=\"vertical-align: inherit;\"><span class=\"\" style=\"vertical-align: inherit;\"><span dir=\"auto\" style=\"vertical-align: inherit;\"><span class=\"\" dir=\"auto\" style=\"vertical-align: inherit;\">Kationtov\u00e1 prysky\u0159ice Hydrolite ZG BSH s barevn\u00fdm indik\u00e1torem je siln\u011b kysel\u00e1 kationtom\u011bni\u010dov\u00e1 prysky\u0159ice s vestav\u011bn\u00fdm indik\u00e1torem. Nejen\u017ee vym\u011b\u0148uje kationty v roztoku, ale tak\u00e9 vykazuje v\u00fdraznou zm\u011bnu barvy. Tato prysky\u0159ice je v redukovan\u00e9m stavu (H) hn\u011bdo\u017elut\u00e1 a po deaktivaci (Na) se zbarv\u00ed do r\u016f\u017eovo\u010dervena. Tato zm\u011bna barvy je velmi dob\u0159e viditeln\u00e1. <\/span><\/span><\/span><\/span><br \/>\n<span style=\"vertical-align: inherit;\"><span class=\"\" style=\"vertical-align: inherit;\"><span dir=\"auto\" style=\"vertical-align: inherit;\"><span class=\"\" dir=\"auto\" style=\"vertical-align: inherit;\">Prysky\u0159ice ZG BSH s barevn\u00fdm indik\u00e1torem se prim\u00e1rn\u011b pou\u017e\u00edv\u00e1 k m\u011b\u0159en\u00ed kationtov\u00e9 vodivosti vody z odpa\u0159ova\u010d\u016f a kondenz\u00e1t\u016f ve sm\u011bsn\u00fdch lo\u017ei. Prysky\u0159ice s barevn\u00fdm indik\u00e1torem se vkl\u00e1d\u00e1 do pr\u016fhledn\u00e9 v\u00fdm\u011bnn\u00e9 n\u00e1doby o pr\u016fm\u011bru men\u0161\u00edm ne\u017e 50 mm. Mikrominer\u00e1ly ve vod\u011b lze vym\u011bnit za kyselinu, co\u017e v\u00fdrazn\u011b zlep\u0161uje citlivost monitorov\u00e1n\u00ed kationt\u016f. Z\u00e1rove\u0148 se barva prysky\u0159ice m\u016f\u017ee zm\u011bnit na r\u016f\u017eovo\u010dervenou, kdy\u017e se prysky\u0159ice stane neaktivn\u00ed, co\u017e indikuje provozn\u00ed stav v\u00fdm\u011bnn\u00e9 n\u00e1doby. <\/span><\/span><\/span><\/span><br \/>\n<span style=\"vertical-align: inherit;\"><span class=\"\" style=\"vertical-align: inherit;\"><span dir=\"auto\" style=\"vertical-align: inherit;\"><span class=\"\" dir=\"auto\" style=\"vertical-align: inherit;\">Barevnou indik\u00e1torovou prysky\u0159ici ZG BSH lze tak\u00e9 pou\u017e\u00edt spole\u010dn\u011b s aniontovou barevnou indik\u00e1torovou prysky\u0159ic\u00ed ZG BSY (nebo siln\u011b bazickou aniontovou prysky\u0159ic\u00ed), kter\u00e1 se vkl\u00e1d\u00e1 do pr\u016fhledn\u00e9ho v\u00fdm\u011bnn\u00e9ho kotle jako sm\u011bsn\u00e1 vrstva indik\u00e1torov\u00e9 prysky\u0159ice v monitoru zdravotnick\u00fdch prost\u0159edk\u016f a potravin\u00e1\u0159sk\u00e9ho pr\u016fmyslu.<\/span><\/span><\/span><\/span><\/p>\n<p><strong><span style=\"vertical-align: inherit;\"><span style=\"vertical-align: inherit;\"><span dir=\"auto\" style=\"vertical-align: inherit;\"><span dir=\"auto\" style=\"vertical-align: inherit;\">2. Fyzik\u00e1ln\u011b-chemick\u00e9 vlastnosti<\/span><\/span><\/span><\/span><\/strong><\/p>\n<table class=\"big\" width=\"90%\" cellspacing=\"1\" cellpadding=\"0\" align=\"center\" bgcolor=\"#666666\">\n<tbody>\n<tr bgcolor=\"#fffaee\">\n<td>\n<p align=\"center\"><span style=\"vertical-align: inherit;\"><span style=\"vertical-align: inherit;\"><span dir=\"auto\" style=\"vertical-align: inherit;\"><span dir=\"auto\" style=\"vertical-align: inherit;\">N\u00e1zev indik\u00e1toru<\/span><\/span><\/span><\/span><\/p>\n<\/td>\n<td>\n<p align=\"center\"><span style=\"vertical-align: inherit;\"><span style=\"vertical-align: inherit;\"><span dir=\"auto\" style=\"vertical-align: inherit;\"><span dir=\"auto\" style=\"vertical-align: inherit;\">Indik\u00e1tor<\/span><\/span><\/span><\/span><\/p>\n<\/td>\n<\/tr>\n<tr bgcolor=\"#ffffff\">\n<td>\n<p align=\"center\"><span style=\"vertical-align: inherit;\"><span style=\"vertical-align: inherit;\"><span dir=\"auto\" style=\"vertical-align: inherit;\"><span dir=\"auto\" style=\"vertical-align: inherit;\">Prodejn\u00ed formul\u00e1\u0159<\/span><\/span><\/span><\/span><\/p>\n<\/td>\n<td>\n<p align=\"center\"><span style=\"vertical-align: inherit;\"><span style=\"vertical-align: inherit;\"><span dir=\"auto\" style=\"vertical-align: inherit;\"><span dir=\"auto\" style=\"vertical-align: inherit;\">Co<\/span><\/span><\/span><\/span><\/p>\n<\/td>\n<\/tr>\n<tr bgcolor=\"#ffffff\">\n<td>\n<p align=\"center\"><span style=\"vertical-align: inherit;\"><span style=\"vertical-align: inherit;\"><span dir=\"auto\" style=\"vertical-align: inherit;\"><span dir=\"auto\" style=\"vertical-align: inherit;\">Vzhled<\/span><\/span><\/span><\/span><\/p>\n<\/td>\n<td>\n<p align=\"center\"><span style=\"vertical-align: inherit;\"><span style=\"vertical-align: inherit;\"><span dir=\"auto\" style=\"vertical-align: inherit;\"><span dir=\"auto\" style=\"vertical-align: inherit;\">R\u016f\u017eovo\u010derven\u00e9 kulovit\u00e9 granule<\/span><\/span><\/span><\/span><\/p>\n<\/td>\n<\/tr>\n<tr bgcolor=\"#ffffff\">\n<td>\n<p align=\"center\"><span style=\"vertical-align: inherit;\"><span style=\"vertical-align: inherit;\"><span dir=\"auto\" style=\"vertical-align: inherit;\"><span dir=\"auto\" style=\"vertical-align: inherit;\">Kapacita zadr\u017eov\u00e1n\u00ed vody %<\/span><\/span><\/span><\/span><\/p>\n<\/td>\n<td>\n<p align=\"center\"><span style=\"vertical-align: inherit;\"><span style=\"vertical-align: inherit;\"><span dir=\"auto\" style=\"vertical-align: inherit;\"><span dir=\"auto\" style=\"vertical-align: inherit;\">45,0\u201352,0<\/span><\/span><\/span><\/span><\/p>\n<\/td>\n<\/tr>\n<tr bgcolor=\"#ffffff\">\n<td>\n<p align=\"center\"><span style=\"vertical-align: inherit;\"><span style=\"vertical-align: inherit;\"><span dir=\"auto\" style=\"vertical-align: inherit;\"><span dir=\"auto\" style=\"vertical-align: inherit;\">Celkov\u00e1 v\u00fdm\u011bnn\u00e1 kapacita mmol\/g<\/span><\/span><\/span><\/span><\/p>\n<\/td>\n<td>\n<p align=\"center\"><span style=\"vertical-align: inherit;\"><span style=\"vertical-align: inherit;\"><span dir=\"auto\" style=\"vertical-align: inherit;\"><span dir=\"auto\" style=\"vertical-align: inherit;\">\u22654,40<\/span><\/span><\/span><\/span><\/p>\n<\/td>\n<\/tr>\n<tr bgcolor=\"#ffffff\">\n<td>\n<p align=\"center\"><span style=\"vertical-align: inherit;\"><span style=\"vertical-align: inherit;\"><span dir=\"auto\" style=\"vertical-align: inherit;\"><span dir=\"auto\" style=\"vertical-align: inherit;\">Objemov\u00e1 v\u00fdm\u011bnn\u00e1 kapacita mmol\/ml<\/span><\/span><\/span><\/span><\/p>\n<\/td>\n<td>\n<p align=\"center\"><span style=\"vertical-align: inherit;\"><span style=\"vertical-align: inherit;\"><span dir=\"auto\" style=\"vertical-align: inherit;\"><span dir=\"auto\" style=\"vertical-align: inherit;\">\u22651,80<\/span><\/span><\/span><\/span><\/p>\n<\/td>\n<\/tr>\n<tr bgcolor=\"#ffffff\">\n<td>\n<p align=\"center\"><span style=\"vertical-align: inherit;\"><span style=\"vertical-align: inherit;\"><span dir=\"auto\" style=\"vertical-align: inherit;\"><span dir=\"auto\" style=\"vertical-align: inherit;\">Objemov\u00e1 hustota g\/ml<\/span><\/span><\/span><\/span><\/p>\n<\/td>\n<td>\n<p align=\"center\"><span style=\"vertical-align: inherit;\"><span style=\"vertical-align: inherit;\"><span dir=\"auto\" style=\"vertical-align: inherit;\"><span dir=\"auto\" style=\"vertical-align: inherit;\">0,79\u20130,89<\/span><\/span><\/span><\/span><\/p>\n<\/td>\n<\/tr>\n<tr bgcolor=\"#ffffff\">\n<td>\n<p align=\"center\"><span style=\"vertical-align: inherit;\"><span style=\"vertical-align: inherit;\"><span dir=\"auto\" style=\"vertical-align: inherit;\"><span dir=\"auto\" style=\"vertical-align: inherit;\">Velikost granul\u00ed %<\/span><\/span><\/span><\/span><\/p>\n<\/td>\n<td>\n<p align=\"center\"><span dir=\"auto\" style=\"vertical-align: inherit;\"><span dir=\"auto\" style=\"vertical-align: inherit;\">(0,600\u20131,25 mm) \u226595,0<\/span><\/span><\/p>\n<\/td>\n<\/tr>\n<\/tbody>\n<\/table>\n","protected":false},"excerpt":{"rendered":"<p>1. \u00davod Kationtov\u00e1 prysky\u0159ice Hydrolite ZG BSH s barevn\u00fdm indik\u00e1torem je siln\u011b kysel\u00e1 kationtom\u011bni\u010dov\u00e1 prysky\u0159ice s vestav\u011bn\u00fdm indik\u00e1torem. Nejen\u017ee vym\u011b\u0148uje kationty v roztoku, ale tak\u00e9 vykazuje v\u00fdraznou zm\u011bnu barvy. Tato prysky\u0159ice je v redukovan\u00e9m stavu (H) hn\u011bdo\u017elut\u00e1 a po deaktivaci (Na) se zbarv\u00ed do r\u016f\u017eovo\u010dervena. Tato zm\u011bna barvy je velmi dob\u0159e viditeln\u00e1. Prysky\u0159ice ZG BSH&#8230;<\/p>\n","protected":false},"featured_media":1873,"comment_status":"closed","ping_status":"closed","template":"","meta":[],"product_cat":[568,502],"product_tag":[],"class_list":["post-3228","product","type-product","status-publish","has-post-thumbnail","hentry","product_cat-indikatorove-pryskyrice-cs","product_cat-produkty-cs"],"_links":{"self":[{"href":"https:\/\/hydrolite.eu\/cs\/wp-json\/wp\/v2\/product\/3228","targetHints":{"allow":["GET"]}}],"collection":[{"href":"https:\/\/hydrolite.eu\/cs\/wp-json\/wp\/v2\/product"}],"about":[{"href":"https:\/\/hydrolite.eu\/cs\/wp-json\/wp\/v2\/types\/product"}],"replies":[{"embeddable":true,"href":"https:\/\/hydrolite.eu\/cs\/wp-json\/wp\/v2\/comments?post=3228"}],"wp:featuredmedia":[{"embeddable":true,"href":"https:\/\/hydrolite.eu\/cs\/wp-json\/wp\/v2\/media\/1873"}],"wp:attachment":[{"href":"https:\/\/hydrolite.eu\/cs\/wp-json\/wp\/v2\/media?parent=3228"}],"wp:term":[{"taxonomy":"product_cat","embeddable":true,"href":"https:\/\/hydrolite.eu\/cs\/wp-json\/wp\/v2\/product_cat?post=3228"},{"taxonomy":"product_tag","embeddable":true,"href":"https:\/\/hydrolite.eu\/cs\/wp-json\/wp\/v2\/product_tag?post=3228"}],"curies":[{"name":"wp","href":"https:\/\/api.w.org\/{rel}","templated":true}]}}