{"id":2883,"date":"2025-09-21T13:39:31","date_gmt":"2025-10-05T11:38:24","guid":{"rendered":"https:\/\/hydrolite.eu\/?post_type=product&#038;p=2883"},"modified":"2025-10-05T14:38:24","modified_gmt":"2025-10-05T11:38:24","slug":"zga302-silne-bazicka-aniontomenicova-pryskyrice-typu-ii","status":"publish","type":"product","link":"https:\/\/hydrolite.eu\/cs\/product\/zga302-silne-bazicka-aniontomenicova-pryskyrice-typu-ii\/","title":{"rendered":"ZGA302 Siln\u011b bazick\u00e1 aniontom\u011bni\u010dov\u00e1 prysky\u0159ice typu II"},"content":{"rendered":"<table border=\"0\" width=\"100%\" cellspacing=\"1\" cellpadding=\"0\" align=\"center\" bgcolor=\"dee8f3\">\n<tbody>\n<tr>\n<td align=\"left\" bgcolor=\"054696\" width=\"70%\" height=\"50\">\n<div class=\"zzzzz1\" align=\"center\"><span style=\"vertical-align: inherit;\"><span style=\"vertical-align: inherit;\"><span dir=\"auto\" style=\"vertical-align: inherit;\"><span dir=\"auto\" style=\"vertical-align: inherit;\">ZGA302 Siln\u011b bazick\u00e1 aniontom\u011bni\u010dov\u00e1 prysky\u0159ice typu II<\/span><\/span><\/span><\/span><\/div>\n<\/td>\n<\/tr>\n<tr>\n<td style=\"padding: 20px;\" align=\"left\" bgcolor=\"#FFFFFF\"><span style=\"vertical-align: inherit;\"><span style=\"vertical-align: inherit;\"><span dir=\"auto\" style=\"vertical-align: inherit;\"><span dir=\"auto\" style=\"vertical-align: inherit;\">POPIS PRODUKTU<\/span><\/span><\/span><\/span><span style=\"vertical-align: inherit;\"><span style=\"vertical-align: inherit;\"><span dir=\"auto\" style=\"vertical-align: inherit;\"><span dir=\"auto\" style=\"vertical-align: inherit;\">ZGA302 je standardn\u00ed gelov\u00e1 siln\u011b bazick\u00e1 aniontom\u011bni\u010dov\u00e1 prysky\u0159ice typu II s kvart\u00e9rn\u00ed amoniovou skupinou a matric\u00ed kopolymeru styren-DVB. Vyzna\u010duje se vysokou provozn\u00ed kapacitou a vynikaj\u00edc\u00ed regenera\u010dn\u00ed \u00fa\u010dinnost\u00ed. Tato prysky\u0159ice poskytuje lep\u0161\u00ed odolnost v\u016f\u010di organick\u00e9 kontaminaci ne\u017e siln\u011b bazick\u00e9 aniontom\u011bni\u010dov\u00e9 prysky\u0159ice typu II. Je vhodn\u00e1 pro vodu s vysok\u00fdm obsahem miner\u00e1l\u016f a organick\u00fdch l\u00e1tek. ZGA302 lze pou\u017e\u00edt ve v\u0161ech typech demineraliz\u00e1tor\u016f.<\/span><\/span><\/span><\/span><\/p>\n<p><span style=\"vertical-align: inherit;\"><span style=\"vertical-align: inherit;\"><span dir=\"auto\" style=\"vertical-align: inherit;\"><span dir=\"auto\" style=\"vertical-align: inherit;\">VLASTNOSTI A V\u00ddHODY<\/span><\/span><\/span><\/span><\/p>\n<p><span style=\"vertical-align: inherit;\"><span style=\"vertical-align: inherit;\"><span dir=\"auto\" style=\"vertical-align: inherit;\"><span dir=\"auto\" style=\"vertical-align: inherit;\">\u25cf JEMN\u00c1 VELIKOST \u010c\u00c1STIC<\/span><\/span><\/span><\/span><\/p>\n<p><span style=\"vertical-align: inherit;\"><span style=\"vertical-align: inherit;\"><span dir=\"auto\" style=\"vertical-align: inherit;\"><span dir=\"auto\" style=\"vertical-align: inherit;\">95 % v\u0161ech \u010d\u00e1stic se nach\u00e1z\u00ed ve specifikovan\u00e9m rozsahu, co\u017e zaji\u0161\u0165uje ni\u017e\u0161\u00ed tlakovou ztr\u00e1tu a lep\u0161\u00ed kinetiku.<\/span><\/span><\/span><\/span><\/p>\n<p><span style=\"vertical-align: inherit;\"><span style=\"vertical-align: inherit;\"><span dir=\"auto\" style=\"vertical-align: inherit;\"><span dir=\"auto\" style=\"vertical-align: inherit;\">\u25cf Odolnost v\u016f\u010di organick\u00e9mu zne\u010di\u0161t\u011bn\u00ed a vysok\u00e1 pracovn\u00ed kapacita<\/span><\/span><\/span><\/span><\/p>\n<p><span style=\"vertical-align: inherit;\"><span style=\"vertical-align: inherit;\"><span dir=\"auto\" style=\"vertical-align: inherit;\"><span dir=\"auto\" style=\"vertical-align: inherit;\">Prysky\u0159ice poskytuje vy\u0161\u0161\u00ed \u00fa\u010dinnost regenerace a vynikaj\u00edc\u00ed odolnost v\u016f\u010di organick\u00e9mu zne\u010di\u0161t\u011bn\u00ed d\u00edky sv\u00e9 funk\u010dn\u00ed skupin\u011b typu II.<\/span><\/span><\/span><\/span><\/p>\n<p><span style=\"vertical-align: inherit;\"><span style=\"vertical-align: inherit;\"><span dir=\"auto\" style=\"vertical-align: inherit;\"><span dir=\"auto\" style=\"vertical-align: inherit;\">\u25cf VYSOK\u00c1 FYZICK\u00c1 STABILITA<\/span><\/span><\/span><\/span><\/p>\n<p><span style=\"vertical-align: inherit;\"><span style=\"vertical-align: inherit;\"><span dir=\"auto\" style=\"vertical-align: inherit;\"><span dir=\"auto\" style=\"vertical-align: inherit;\">Prysky\u0159ice m\u00e1 vysokou mechanickou, tepelnou a osmotickou stabilitu a tak\u00e9 vynikaj\u00edc\u00ed dynamick\u00e9 vlastnosti.<\/span><\/span><\/span><\/span><\/p>\n<p>&nbsp;<\/p>\n<p><span style=\"vertical-align: inherit;\"><span style=\"vertical-align: inherit;\"><span dir=\"auto\" style=\"vertical-align: inherit;\"><span dir=\"auto\" style=\"vertical-align: inherit;\">FYZIK\u00c1LN\u00cd A CHEMICK\u00c9 VLASTNOSTI<\/span><\/span><\/span><\/span><\/p>\n<table style=\"width: 569px;\" border=\"1\" cellspacing=\"0\">\n<tbody>\n<tr>\n<td style=\"width: 283px;\" colspan=\"2\"><span style=\"vertical-align: inherit;\"><span style=\"vertical-align: inherit;\"><span dir=\"auto\" style=\"vertical-align: inherit;\"><span dir=\"auto\" style=\"vertical-align: inherit;\">Vzhled<\/span><\/span><\/span><\/span><\/td>\n<td style=\"width: 285px;\"><span style=\"vertical-align: inherit;\"><span style=\"vertical-align: inherit;\"><span dir=\"auto\" style=\"vertical-align: inherit;\"><span dir=\"auto\" style=\"vertical-align: inherit;\">B\u00edl\u00e9 a\u017e sv\u011btle \u017elut\u00e9 kulovit\u00e9 granule<\/span><\/span><\/span><\/span><\/td>\n<\/tr>\n<tr>\n<td style=\"width: 283px;\" colspan=\"2\"><span style=\"vertical-align: inherit;\"><span style=\"vertical-align: inherit;\"><span dir=\"auto\" style=\"vertical-align: inherit;\"><span dir=\"auto\" style=\"vertical-align: inherit;\">Polymern\u00ed matrice<\/span><\/span><\/span><\/span><\/td>\n<td style=\"width: 285px;\"><span dir=\"auto\" style=\"vertical-align: inherit;\"><span dir=\"auto\" style=\"vertical-align: inherit;\">Stirol-DVB<\/span><\/span><\/td>\n<\/tr>\n<tr>\n<td style=\"width: 283px;\" colspan=\"2\"><span dir=\"auto\" style=\"vertical-align: inherit;\"><span dir=\"auto\" style=\"vertical-align: inherit;\">Typ<\/span><\/span><\/td>\n<td style=\"width: 285px;\"><span style=\"vertical-align: inherit;\"><span style=\"vertical-align: inherit;\"><span dir=\"auto\" style=\"vertical-align: inherit;\"><span dir=\"auto\" style=\"vertical-align: inherit;\">Siln\u011b bazick\u00fd gel typu II<\/span><\/span><\/span><\/span><\/td>\n<\/tr>\n<tr>\n<td style=\"width: 283px;\" colspan=\"2\"><span style=\"vertical-align: inherit;\"><span style=\"vertical-align: inherit;\"><span dir=\"auto\" style=\"vertical-align: inherit;\"><span dir=\"auto\" style=\"vertical-align: inherit;\">Funk\u010dn\u00ed skupina<\/span><\/span><\/span><\/span><\/td>\n<td style=\"width: 285px;\"><span style=\"vertical-align: inherit;\"><span style=\"vertical-align: inherit;\"><span dir=\"auto\" style=\"vertical-align: inherit;\"><span dir=\"auto\" style=\"vertical-align: inherit;\">P\u2014 H+(CHR3R)R2RP &#8230;<\/span><\/span><\/span><\/span><\/td>\n<\/tr>\n<tr>\n<td style=\"width: 283px;\" colspan=\"2\"><span style=\"vertical-align: inherit;\"><span style=\"vertical-align: inherit;\"><span dir=\"auto\" style=\"vertical-align: inherit;\"><span dir=\"auto\" style=\"vertical-align: inherit;\">Iontov\u00e1 forma<\/span><\/span><\/span><\/span><\/td>\n<td style=\"width: 285px;\"><span style=\"vertical-align: inherit;\"><span style=\"vertical-align: inherit;\"><span dir=\"auto\" style=\"vertical-align: inherit;\"><span dir=\"auto\" style=\"vertical-align: inherit;\">Cl-<\/span><\/span><\/span><\/span><\/td>\n<\/tr>\n<tr>\n<td style=\"width: 283px;\" colspan=\"2\"><span style=\"vertical-align: inherit;\"><span style=\"vertical-align: inherit;\"><span dir=\"auto\" style=\"vertical-align: inherit;\"><span dir=\"auto\" style=\"vertical-align: inherit;\">Obsah vlhkosti %<\/span><\/span><\/span><\/span><\/td>\n<td style=\"width: 285px;\"><span style=\"vertical-align: inherit;\"><span style=\"vertical-align: inherit;\"><span dir=\"auto\" style=\"vertical-align: inherit;\"><span dir=\"auto\" style=\"vertical-align: inherit;\">36 &#8211; 46<\/span><\/span><\/span><\/span><\/td>\n<\/tr>\n<\/tbody>\n<\/table>\n<p>&nbsp;<\/p>\n<table style=\"width: 565px;\" border=\"1\" cellspacing=\"0\">\n<tbody>\n<tr>\n<td style=\"width: 235px;\" colspan=\"2\"><span style=\"vertical-align: inherit;\"><span style=\"vertical-align: inherit;\"><span dir=\"auto\" style=\"vertical-align: inherit;\"><span dir=\"auto\" style=\"vertical-align: inherit;\">Rozsah pH<\/span><\/span><\/span><\/span><\/td>\n<td style=\"width: 329px;\" colspan=\"2\"><span style=\"vertical-align: inherit;\"><span style=\"vertical-align: inherit;\"><span dir=\"auto\" style=\"vertical-align: inherit;\"><span dir=\"auto\" style=\"vertical-align: inherit;\">1 \u2013 14<\/span><\/span><\/span><\/span><\/td>\n<\/tr>\n<tr>\n<td style=\"width: 235px;\" colspan=\"2\"><span style=\"vertical-align: inherit;\"><span style=\"vertical-align: inherit;\"><span dir=\"auto\" style=\"vertical-align: inherit;\"><span dir=\"auto\" style=\"vertical-align: inherit;\">Maxim\u00e1ln\u00ed teplota \u00b0C<\/span><\/span><\/span><\/span><\/td>\n<td style=\"width: 168px;\"><span dir=\"auto\" style=\"vertical-align: inherit;\"><span dir=\"auto\" style=\"vertical-align: inherit;\">\u2264 60 (forma Cl)<\/span><\/span><\/td>\n<td style=\"width: 162px;\"><span dir=\"auto\" style=\"vertical-align: inherit;\"><span dir=\"auto\" style=\"vertical-align: inherit;\">\u2264 40 (OH forma)<\/span><\/span><\/td>\n<\/tr>\n<\/tbody>\n<\/table>\n<p>&nbsp;<\/p>\n<p><span style=\"vertical-align: inherit;\"><span style=\"vertical-align: inherit;\"><span dir=\"auto\" style=\"vertical-align: inherit;\"><span dir=\"auto\" style=\"vertical-align: inherit;\">APLIKACE<\/span><\/span><\/span><\/span><\/p>\n<p><span style=\"vertical-align: inherit;\"><span style=\"vertical-align: inherit;\"><span dir=\"auto\" style=\"vertical-align: inherit;\"><span dir=\"auto\" style=\"vertical-align: inherit;\">ZGA302 vykazuje vynikaj\u00edc\u00ed fyzik\u00e1ln\u00ed stabilitu a vysokou \u00fa\u010dinnost regenerace. Jeho vysok\u00e1 odolnost v\u016f\u010di organick\u00e9 kontaminaci zaji\u0161\u0165uje dlouhou \u017eivotnost, zejm\u00e9na v syst\u00e9mech \u00fapravy vody, kter\u00e9 pracuj\u00ed s vodou bohatou na miner\u00e1ly a organick\u00e9 p\u0159\u00edsady.<\/span><\/span><\/span><\/span><\/td>\n<\/tr>\n<\/tbody>\n<\/table>\n","protected":false},"excerpt":{"rendered":"<p>ZGA302 Siln\u011b bazick\u00e1 aniontom\u011bni\u010dov\u00e1 prysky\u0159ice typu II POPIS PRODUKTUZGA302 je standardn\u00ed gelov\u00e1 siln\u011b bazick\u00e1 aniontom\u011bni\u010dov\u00e1 prysky\u0159ice typu II s kvart\u00e9rn\u00ed amoniovou skupinou a matric\u00ed kopolymeru styren-DVB. Vyzna\u010duje se vysokou provozn\u00ed kapacitou a vynikaj\u00edc\u00ed regenera\u010dn\u00ed \u00fa\u010dinnost\u00ed. Tato prysky\u0159ice poskytuje lep\u0161\u00ed odolnost v\u016f\u010di organick\u00e9 kontaminaci ne\u017e siln\u011b bazick\u00e9 aniontom\u011bni\u010dov\u00e9 prysky\u0159ice typu II. Je vhodn\u00e1 pro vodu s&#8230;<\/p>\n","protected":false},"featured_media":1873,"comment_status":"closed","ping_status":"closed","template":"","meta":[],"product_cat":[555,502],"product_tag":[],"class_list":["post-2883","product","type-product","status-publish","has-post-thumbnail","hentry","product_cat-jine-pryskyrice","product_cat-produkty-cs"],"_links":{"self":[{"href":"https:\/\/hydrolite.eu\/cs\/wp-json\/wp\/v2\/product\/2883","targetHints":{"allow":["GET"]}}],"collection":[{"href":"https:\/\/hydrolite.eu\/cs\/wp-json\/wp\/v2\/product"}],"about":[{"href":"https:\/\/hydrolite.eu\/cs\/wp-json\/wp\/v2\/types\/product"}],"replies":[{"embeddable":true,"href":"https:\/\/hydrolite.eu\/cs\/wp-json\/wp\/v2\/comments?post=2883"}],"wp:featuredmedia":[{"embeddable":true,"href":"https:\/\/hydrolite.eu\/cs\/wp-json\/wp\/v2\/media\/1873"}],"wp:attachment":[{"href":"https:\/\/hydrolite.eu\/cs\/wp-json\/wp\/v2\/media?parent=2883"}],"wp:term":[{"taxonomy":"product_cat","embeddable":true,"href":"https:\/\/hydrolite.eu\/cs\/wp-json\/wp\/v2\/product_cat?post=2883"},{"taxonomy":"product_tag","embeddable":true,"href":"https:\/\/hydrolite.eu\/cs\/wp-json\/wp\/v2\/product_tag?post=2883"}],"curies":[{"name":"wp","href":"https:\/\/api.w.org\/{rel}","templated":true}]}}