{"id":2652,"date":"2025-09-21T13:39:58","date_gmt":"2025-09-30T07:18:10","guid":{"rendered":"https:\/\/hydrolite.eu\/?post_type=product&#038;p=2652"},"modified":"2025-09-30T10:18:10","modified_gmt":"2025-09-30T07:18:10","slug":"pryskyrice-pro-odstraneni-chloristanu-zgd891","status":"publish","type":"product","link":"https:\/\/hydrolite.eu\/cs\/product\/pryskyrice-pro-odstraneni-chloristanu-zgd891\/","title":{"rendered":"Prysky\u0159ice pro odstran\u011bn\u00ed chloristanu ZGD891"},"content":{"rendered":"<table border=\"0\" width=\"100%\" cellspacing=\"1\" cellpadding=\"0\" align=\"center\" bgcolor=\"dee8f3\">\n<tbody>\n<tr>\n<td align=\"left\" bgcolor=\"054696\" width=\"70%\" height=\"50\">\n<div class=\"zzzzz1\" align=\"center\"><span style=\"vertical-align: inherit;\"><span class=\"\" style=\"vertical-align: inherit;\"><span dir=\"auto\" style=\"vertical-align: inherit;\"><span dir=\"auto\" style=\"vertical-align: inherit;\">Prysky\u0159ice pro odstran\u011bn\u00ed chloristanu ZGD891<\/span><\/span><\/span><\/span><\/div>\n<\/td>\n<\/tr>\n<tr>\n<td style=\"padding: 20px;\" align=\"left\" bgcolor=\"#FFFFFF\"><span style=\"vertical-align: inherit;\"><span style=\"vertical-align: inherit;\"><span dir=\"auto\" style=\"vertical-align: inherit;\"><span dir=\"auto\" style=\"vertical-align: inherit;\">Chloristan je perzistentn\u00ed toxick\u00e1 chemik\u00e1lie; existuje ve form\u00e1ch NH4ClO4 <\/span><\/span><\/span><\/span><span dir=\"auto\" style=\"vertical-align: inherit;\"><sub><span style=\"vertical-align: inherit;\"><span style=\"vertical-align: inherit;\"><span dir=\"auto\" style=\"vertical-align: inherit;\">, <\/span><\/span><\/span><\/sub><\/span><sub><span style=\"vertical-align: inherit;\"><span style=\"vertical-align: inherit;\"><span dir=\"auto\" style=\"vertical-align: inherit;\"><span dir=\"auto\" style=\"vertical-align: inherit;\">KClO4<\/span><\/span><\/span><\/span><\/sub><span style=\"vertical-align: inherit;\"><span style=\"vertical-align: inherit;\"><span dir=\"auto\" style=\"vertical-align: inherit;\"><span dir=\"auto\" style=\"vertical-align: inherit;\"> a <\/span><\/span><\/span><\/span><span dir=\"auto\" style=\"vertical-align: inherit;\"><span style=\"vertical-align: inherit;\"><span style=\"vertical-align: inherit;\"><span dir=\"auto\" style=\"vertical-align: inherit;\">NaClO4 <\/span><\/span><\/span><span style=\"vertical-align: inherit;\"><span style=\"vertical-align: inherit;\"><span dir=\"auto\" style=\"vertical-align: inherit;\">. Prim\u00e1rn\u00edm \u00fa\u010dinkem <\/span><\/span><\/span><sub><span style=\"vertical-align: inherit;\"><span style=\"vertical-align: inherit;\"><span dir=\"auto\" style=\"vertical-align: inherit;\">chloristanu je potla\u010den\u00ed \u010dinnosti \u0161t\u00edtn\u00e9 \u017el\u00e1zy, kter\u00e1 absorbuje j\u00f3d, co\u017e vede ke sn\u00ed\u017een\u00e9 sekreci hormon\u016f \u0161t\u00edtn\u00e9 \u017el\u00e1zy, co\u017e ovliv\u0148uje fyzick\u00fd v\u00fdvoj, zejm\u00e9na v\u00fdvoj mozku. <\/span><\/span><\/span><\/sub><\/span><sub><span style=\"vertical-align: inherit;\"><span style=\"vertical-align: inherit;\"><span dir=\"auto\" style=\"vertical-align: inherit;\"><span dir=\"auto\" style=\"vertical-align: inherit;\">Nadm\u011brn\u00e1<\/span><\/span><\/span><\/span><\/sub><span dir=\"auto\" style=\"vertical-align: inherit;\"><span style=\"vertical-align: inherit;\"><span style=\"vertical-align: inherit;\"><span dir=\"auto\" style=\"vertical-align: inherit;\"> konzumace chloristanu vede k nedostatku hormon\u016f \u0161t\u00edtn\u00e9 \u017el\u00e1zy, co\u017e n\u00e1sledn\u011b inhibuje metabolismus a r\u016fst, zejm\u00e9na u d\u011bt\u00ed.<\/span><\/span><\/span><\/span><span style=\"vertical-align: inherit;\"><span class=\"\" style=\"vertical-align: inherit;\"><span dir=\"auto\" style=\"vertical-align: inherit;\"><span dir=\"auto\" style=\"vertical-align: inherit;\">Vzhledem k net\u011bkavosti a vysok\u00e9 rozpustnosti chloristanu ve vod\u011b jej nelze odstranit konven\u010dn\u00edmi metodami, jako je filtrace a sr\u00e1\u017een\u00ed; nejlep\u0161\u00ed metodou odstran\u011bn\u00ed je iontov\u00e1 v\u00fdm\u011bna.<\/span><\/span><\/span><\/span><\/p>\n<p align=\"left\"><strong><span style=\"vertical-align: inherit;\"><span class=\"\" style=\"vertical-align: inherit;\"><span dir=\"auto\" style=\"vertical-align: inherit;\"><span dir=\"auto\" style=\"vertical-align: inherit;\">ZG D891<\/span><\/span><\/span><\/span><\/strong><span style=\"vertical-align: inherit;\"><span class=\"\" style=\"vertical-align: inherit;\"><span dir=\"auto\" style=\"vertical-align: inherit;\"><span dir=\"auto\" style=\"vertical-align: inherit;\"> je typ aniontom\u011bni\u010dov\u00e9 prysky\u0159ice obsahuj\u00edc\u00ed kvart\u00e9rn\u00ed amoniovou skupinu [-N(CH3 <\/span><\/span><\/span><\/span><sub><span style=\"vertical-align: inherit;\"><span class=\"\" style=\"vertical-align: inherit;\"><span dir=\"auto\" style=\"vertical-align: inherit;\"><span dir=\"auto\" style=\"vertical-align: inherit;\">)<\/span><\/span><\/span><\/span><\/sub><span style=\"vertical-align: inherit;\"><span class=\"\" style=\"vertical-align: inherit;\"><span dir=\"auto\" style=\"vertical-align: inherit;\"><span dir=\"auto\" style=\"vertical-align: inherit;\"> 3OH <\/span><\/span><\/span><\/span><sub><span style=\"vertical-align: inherit;\"><span class=\"\" style=\"vertical-align: inherit;\"><span dir=\"auto\" style=\"vertical-align: inherit;\"><span dir=\"auto\" style=\"vertical-align: inherit;\">]<\/span><\/span><\/span><\/span><\/sub><span style=\"vertical-align: inherit;\"><span class=\"\" style=\"vertical-align: inherit;\"><span dir=\"auto\" style=\"vertical-align: inherit;\"><span dir=\"auto\" style=\"vertical-align: inherit;\"> v kopolymeru styrenu a diethylenbenzenu s makropor\u00e9zn\u00ed strukturou. Pou\u017e\u00edv\u00e1 se konkr\u00e9tn\u011b k odstra\u0148ov\u00e1n\u00ed kyseliny chloristanov\u00e9 a k \u010di\u0161t\u011bn\u00ed vodovodn\u00edch syst\u00e9m\u016f a pitn\u00e9 vody; jej\u00ed selektivita pro kyselinu chloristanovou se li\u0161\u00ed.<\/span><\/span><\/span><\/span><\/p>\n<p align=\"center\"><strong><span style=\"vertical-align: inherit;\"><span style=\"vertical-align: inherit;\"><span dir=\"auto\" style=\"vertical-align: inherit;\"><span dir=\"auto\" style=\"vertical-align: inherit;\">Fyzik\u00e1ln\u011b-chemick\u00e9 vlastnosti Hydrolitu ZG D891:<\/span><\/span><\/span><\/span><\/strong><\/p>\n<table style=\"width: 516px;\" border=\"1\" width=\"516\" cellspacing=\"0\" cellpadding=\"0\" align=\"center\">\n<tbody>\n<tr>\n<td style=\"width: 300px; height: 25px;\">\n<p align=\"center\"><strong><span dir=\"auto\" style=\"vertical-align: inherit;\"><span dir=\"auto\" style=\"vertical-align: inherit;\">Parametry<\/span><\/span><\/strong><\/p>\n<\/td>\n<td style=\"width: 216px; height: 25px;\">\n<p align=\"center\"><strong><span style=\"vertical-align: inherit;\"><span style=\"vertical-align: inherit;\"><span dir=\"auto\" style=\"vertical-align: inherit;\"><span dir=\"auto\" style=\"vertical-align: inherit;\">Indik\u00e1tor<\/span><\/span><\/span><\/span><\/strong><\/p>\n<\/td>\n<\/tr>\n<tr>\n<td style=\"width: 300px; height: 24px;\"><span style=\"vertical-align: inherit;\"><span style=\"vertical-align: inherit;\"><span dir=\"auto\" style=\"vertical-align: inherit;\"><span dir=\"auto\" style=\"vertical-align: inherit;\">Iontov\u00e1 forma<\/span><\/span><\/span><\/span><\/td>\n<td style=\"width: 216px; height: 24px;\">\n<p align=\"center\"><span style=\"vertical-align: inherit;\"><span style=\"vertical-align: inherit;\"><span dir=\"auto\" style=\"vertical-align: inherit;\"><span dir=\"auto\" style=\"vertical-align: inherit;\">CL<\/span><\/span><\/span><\/span><\/p>\n<\/td>\n<\/tr>\n<tr>\n<td style=\"width: 300px; height: 14px;\"><span style=\"vertical-align: inherit;\"><span style=\"vertical-align: inherit;\"><span dir=\"auto\" style=\"vertical-align: inherit;\"><span dir=\"auto\" style=\"vertical-align: inherit;\">Vlhkost %<\/span><\/span><\/span><\/span><\/td>\n<td style=\"width: 216px; height: 14px;\">\n<p align=\"center\"><span style=\"vertical-align: inherit;\"><span style=\"vertical-align: inherit;\"><span dir=\"auto\" style=\"vertical-align: inherit;\"><span dir=\"auto\" style=\"vertical-align: inherit;\">52,0~62,0<\/span><\/span><\/span><\/span><\/p>\n<\/td>\n<\/tr>\n<tr>\n<td style=\"width: 300px; height: 15px;\"><span style=\"vertical-align: inherit;\"><span style=\"vertical-align: inherit;\"><span dir=\"auto\" style=\"vertical-align: inherit;\"><span dir=\"auto\" style=\"vertical-align: inherit;\">Kapacita v\u00fdm\u011bny hmotnosti mmol\/g<\/span><\/span><\/span><\/span><\/td>\n<td style=\"width: 216px; height: 15px;\">\n<p align=\"center\"><span style=\"vertical-align: inherit;\"><span style=\"vertical-align: inherit;\"><span dir=\"auto\" style=\"vertical-align: inherit;\"><span dir=\"auto\" style=\"vertical-align: inherit;\">\u2265 3,00<\/span><\/span><\/span><\/span><\/p>\n<\/td>\n<\/tr>\n<tr>\n<td style=\"width: 300px; height: 15px;\"><span style=\"vertical-align: inherit;\"><span style=\"vertical-align: inherit;\"><span dir=\"auto\" style=\"vertical-align: inherit;\"><span dir=\"auto\" style=\"vertical-align: inherit;\">Adsorp\u010dn\u00ed kapacita chloristanu g\/l<\/span><\/span><\/span><\/span><\/td>\n<td style=\"width: 216px; height: 15px;\">\n<p align=\"center\"><span style=\"vertical-align: inherit;\"><span style=\"vertical-align: inherit;\"><span dir=\"auto\" style=\"vertical-align: inherit;\"><span dir=\"auto\" style=\"vertical-align: inherit;\">\u226525,0<\/span><\/span><\/span><\/span><\/p>\n<\/td>\n<\/tr>\n<tr>\n<td style=\"width: 300px; height: 31px;\"><span style=\"vertical-align: inherit;\"><span style=\"vertical-align: inherit;\"><span dir=\"auto\" style=\"vertical-align: inherit;\"><span dir=\"auto\" style=\"vertical-align: inherit;\">Rozsah velikosti \u010d\u00e1stic %<\/span><\/span><\/span><\/span><\/td>\n<td style=\"width: 216px; height: 31px;\">\n<p align=\"center\"><span style=\"vertical-align: inherit;\"><span style=\"vertical-align: inherit;\"><span dir=\"auto\" style=\"vertical-align: inherit;\"><span dir=\"auto\" style=\"vertical-align: inherit;\">(0,315~1,25 mm) \u226595,0<\/span><\/span><\/span><\/span><\/p>\n<\/td>\n<\/tr>\n<\/tbody>\n<\/table>\n<\/td>\n<\/tr>\n<\/tbody>\n<\/table>\n<div id=\"gtx-trans\" style=\"position: absolute; left: 319px; top: 447.359px;\">\n<div class=\"gtx-trans-icon\"><\/div>\n<\/div>\n","protected":false},"excerpt":{"rendered":"<p>Prysky\u0159ice pro odstran\u011bn\u00ed chloristanu ZGD891 Chloristan je perzistentn\u00ed toxick\u00e1 chemik\u00e1lie; existuje ve form\u00e1ch NH4ClO4 , KClO4 a NaClO4 . Prim\u00e1rn\u00edm \u00fa\u010dinkem chloristanu je potla\u010den\u00ed \u010dinnosti \u0161t\u00edtn\u00e9 \u017el\u00e1zy, kter\u00e1 absorbuje j\u00f3d, co\u017e vede ke sn\u00ed\u017een\u00e9 sekreci hormon\u016f \u0161t\u00edtn\u00e9 \u017el\u00e1zy, co\u017e ovliv\u0148uje fyzick\u00fd v\u00fdvoj, zejm\u00e9na v\u00fdvoj mozku. Nadm\u011brn\u00e1 konzumace chloristanu vede k nedostatku hormon\u016f \u0161t\u00edtn\u00e9 \u017el\u00e1zy, co\u017e&#8230;<\/p>\n","protected":false},"featured_media":1873,"comment_status":"closed","ping_status":"closed","template":"","meta":[],"product_cat":[308,502,294],"product_tag":[],"class_list":["post-2652","product","type-product","status-publish","has-post-thumbnail","hentry","product_cat-ochrana-zivotniho-prostredi","product_cat-produkty-cs","product_cat-prumysl"],"_links":{"self":[{"href":"https:\/\/hydrolite.eu\/cs\/wp-json\/wp\/v2\/product\/2652","targetHints":{"allow":["GET"]}}],"collection":[{"href":"https:\/\/hydrolite.eu\/cs\/wp-json\/wp\/v2\/product"}],"about":[{"href":"https:\/\/hydrolite.eu\/cs\/wp-json\/wp\/v2\/types\/product"}],"replies":[{"embeddable":true,"href":"https:\/\/hydrolite.eu\/cs\/wp-json\/wp\/v2\/comments?post=2652"}],"wp:featuredmedia":[{"embeddable":true,"href":"https:\/\/hydrolite.eu\/cs\/wp-json\/wp\/v2\/media\/1873"}],"wp:attachment":[{"href":"https:\/\/hydrolite.eu\/cs\/wp-json\/wp\/v2\/media?parent=2652"}],"wp:term":[{"taxonomy":"product_cat","embeddable":true,"href":"https:\/\/hydrolite.eu\/cs\/wp-json\/wp\/v2\/product_cat?post=2652"},{"taxonomy":"product_tag","embeddable":true,"href":"https:\/\/hydrolite.eu\/cs\/wp-json\/wp\/v2\/product_tag?post=2652"}],"curies":[{"name":"wp","href":"https:\/\/api.w.org\/{rel}","templated":true}]}}