{"id":1962,"date":"2025-09-21T13:40:00","date_gmt":"2025-09-26T09:06:20","guid":{"rendered":"https:\/\/hydrolite.eu\/?post_type=product&#038;p=1962"},"modified":"2025-09-26T12:06:20","modified_gmt":"2025-09-26T09:06:20","slug":"zgd-750-makroporezni-silne-bazicka-aniontova-iontomenicova-pryskyrice","status":"publish","type":"product","link":"https:\/\/hydrolite.eu\/cs\/product\/zgd-750-makroporezni-silne-bazicka-aniontova-iontomenicova-pryskyrice\/","title":{"rendered":"ZGD 750 Makropor\u00e9zn\u00ed siln\u011b bazick\u00e1 aniontov\u00e1 iontom\u011bni\u010dov\u00e1 prysky\u0159ice"},"content":{"rendered":"<table border=\"0\" width=\"100%\" cellspacing=\"1\" cellpadding=\"0\" align=\"center\" bgcolor=\"dee8f3\">\n<tbody>\n<tr>\n<td align=\"left\" bgcolor=\"054696\" width=\"70%\" height=\"50\">\n<div class=\"zzzzz1\" align=\"center\"><span style=\"vertical-align: inherit;\"><span style=\"vertical-align: inherit;\"><span dir=\"auto\" style=\"vertical-align: inherit;\"><span dir=\"auto\" style=\"vertical-align: inherit;\">ZGD 750 Makropor\u00e9zn\u00ed siln\u011b bazick\u00e1 aniontov\u00e1 iontom\u011bni\u010dov\u00e1 prysky\u0159ice<\/span><\/span><\/span><\/span><\/div>\n<\/td>\n<\/tr>\n<tr>\n<td style=\"padding: 20px;\" align=\"left\" bgcolor=\"#FFFFFF\">\n<div>\n<p style=\"margin-left: 6.5500pt;\"><strong><span style=\"vertical-align: inherit;\"><span style=\"vertical-align: inherit;\"><span dir=\"auto\" style=\"vertical-align: inherit;\"><span dir=\"auto\" style=\"vertical-align: inherit;\">POPIS PRODUKTU ZGD 750<\/span><\/span><\/span><\/span><\/strong><\/p>\n<p><span style=\"vertical-align: inherit;\"><span style=\"vertical-align: inherit;\"><span dir=\"auto\" style=\"vertical-align: inherit;\"><span dir=\"auto\" style=\"vertical-align: inherit;\">ZGD 750 (v Cl nebo OH form\u011b) je vysokokapacitn\u00ed, proti organick\u00e9mu zne\u010di\u0161t\u011bn\u00ed odoln\u00e1, makropor\u00e9zn\u00ed, siln\u011b z\u00e1sadit\u00e1 aniontom\u011bni\u010dov\u00e1 prysky\u0159ice typu I. ZGD 750, dostupn\u00e1 v chloridov\u00e9 a hydroxidov\u00e9 form\u011b, se pou\u017e\u00edv\u00e1 p\u0159edev\u0161\u00edm k odstra\u0148ov\u00e1n\u00ed organick\u00fdch slou\u010denin a barev z vody\/odpadn\u00edch vod a v cukrovarnick\u00e9m pr\u016fmyslu.<\/span><\/span><\/span><\/span><\/p>\n<p><span style=\"vertical-align: inherit;\"><span style=\"vertical-align: inherit;\"><span dir=\"auto\" style=\"vertical-align: inherit;\"><span dir=\"auto\" style=\"vertical-align: inherit;\">ZGD 750 se d\u016frazn\u011b doporu\u010duje pro pou\u017eit\u00ed p\u0159ed aniontov\u00fdmi demineraliz\u00e1tory nebo sm\u011bsn\u00fdmi demineraliz\u00e1tory, kde je nutn\u00e9 odstranit organick\u00e9 l\u00e1tky a chr\u00e1nit prysky\u0159ice p\u0159ed zne\u010di\u0161t\u011bn\u00edm.<\/span><\/span><\/span><\/span><\/p>\n<p><span style=\"vertical-align: inherit;\"><span style=\"vertical-align: inherit;\"><span dir=\"auto\" style=\"vertical-align: inherit;\"><span dir=\"auto\" style=\"vertical-align: inherit;\">ZGD 750 lze tak\u00e9 pou\u017e\u00edt k odstran\u011bn\u00ed n\u011bkter\u00fdch t\u011b\u017ek\u00fdch kov\u016f z vody nebo odpadn\u00edch vod, kde je vy\u017eadov\u00e1na odolnost v\u016f\u010di kontaminaci a tepeln\u00e1 nebo chemick\u00e1 stabilita.<\/span><\/span><\/span><\/span><\/p>\n<p style=\"margin-left: 6.7500pt;\"><strong><span style=\"vertical-align: inherit;\"><span style=\"vertical-align: inherit;\"><span dir=\"auto\" style=\"vertical-align: inherit;\"><span dir=\"auto\" style=\"vertical-align: inherit;\">FYZIK\u00c1LN\u00cd A CHEMICK\u00c9 VLASTNOSTI<\/span><\/span><\/span><\/span><\/strong><\/p>\n<table style=\"width: 100%;\" border=\"1\" cellspacing=\"0\">\n<tbody>\n<tr>\n<td style=\"width: 283px;\" colspan=\"2\">\n<p style=\"margin-left: 5.3500pt;\"><span style=\"vertical-align: inherit;\"><span style=\"vertical-align: inherit;\"><span dir=\"auto\" style=\"vertical-align: inherit;\"><span dir=\"auto\" style=\"vertical-align: inherit;\">Vzhled<\/span><\/span><\/span><\/span><\/p>\n<\/td>\n<td style=\"width: 286px;\">\n<p style=\"margin-left: 25.7500pt;\"><span style=\"vertical-align: inherit;\"><span style=\"vertical-align: inherit;\"><span dir=\"auto\" style=\"vertical-align: inherit;\"><span dir=\"auto\" style=\"vertical-align: inherit;\">Pr\u016fsvitn\u00e9 kulovit\u00e9 granule<\/span><\/span><\/span><\/span><\/p>\n<\/td>\n<\/tr>\n<tr>\n<td style=\"width: 283px;\" colspan=\"2\">\n<p style=\"margin-left: 6.1500pt;\"><span style=\"vertical-align: inherit;\"><span style=\"vertical-align: inherit;\"><span dir=\"auto\" style=\"vertical-align: inherit;\"><span dir=\"auto\" style=\"vertical-align: inherit;\">Struktura polymern\u00ed matrice<\/span><\/span><\/span><\/span><\/p>\n<\/td>\n<td style=\"width: 286px;\">\n<p style=\"margin-left: 83.8500pt;\"><span style=\"vertical-align: inherit;\"><span style=\"vertical-align: inherit;\"><span dir=\"auto\" style=\"vertical-align: inherit;\"><span dir=\"auto\" style=\"vertical-align: inherit;\">Makropor\u00e9zn\u00ed polystyren zes\u00edt\u011bn\u00fd DVB<\/span><\/span><\/span><\/span><\/p>\n<\/td>\n<\/tr>\n<tr>\n<td style=\"width: 283px;\" colspan=\"2\">\n<p style=\"margin-left: 5.6000pt;\"><span dir=\"auto\" style=\"vertical-align: inherit;\"><span dir=\"auto\" style=\"vertical-align: inherit;\">Typ<\/span><\/span><\/p>\n<\/td>\n<td style=\"width: 286px;\">\n<p style=\"margin-left: 73.2000pt;\"><span dir=\"auto\" style=\"vertical-align: inherit;\"><span dir=\"auto\" style=\"vertical-align: inherit;\">makropor\u00e9zn\u00ed<\/span><\/span><\/p>\n<\/td>\n<\/tr>\n<tr>\n<td style=\"width: 283px;\" colspan=\"2\">\n<p style=\"margin-left: 6.1500pt;\"><span style=\"vertical-align: inherit;\"><span style=\"vertical-align: inherit;\"><span dir=\"auto\" style=\"vertical-align: inherit;\"><span dir=\"auto\" style=\"vertical-align: inherit;\">Funk\u010dn\u00ed skupina<\/span><\/span><\/span><\/span><\/p>\n<\/td>\n<td style=\"width: 286px;\">\n<p style=\"margin-left: 83.4500pt;\"><span style=\"vertical-align: inherit;\"><span style=\"vertical-align: inherit;\"><span dir=\"auto\" style=\"vertical-align: inherit;\"><span dir=\"auto\" style=\"vertical-align: inherit;\">-H +(CH3)3<\/span><\/span><\/span><\/span><\/p>\n<\/td>\n<\/tr>\n<tr>\n<td style=\"width: 283px;\" colspan=\"2\">\n<p style=\"margin-left: 6.1000pt;\"><span style=\"vertical-align: inherit;\"><span style=\"vertical-align: inherit;\"><span dir=\"auto\" style=\"vertical-align: inherit;\"><span dir=\"auto\" style=\"vertical-align: inherit;\">Iontov\u00e1 forma<\/span><\/span><\/span><\/span><\/p>\n<\/td>\n<td style=\"width: 286px;\">\n<p style=\"margin-left: 100.9000pt;\"><span style=\"vertical-align: inherit;\"><span style=\"vertical-align: inherit;\"><span dir=\"auto\" style=\"vertical-align: inherit;\"><span dir=\"auto\" style=\"vertical-align: inherit;\">Cl-<\/span><\/span><\/span><\/span><\/p>\n<\/td>\n<\/tr>\n<tr>\n<td style=\"width: 283px;\" colspan=\"2\">\n<p style=\"margin-left: 6.1000pt;\"><span style=\"vertical-align: inherit;\"><span style=\"vertical-align: inherit;\"><span dir=\"auto\" style=\"vertical-align: inherit;\"><span dir=\"auto\" style=\"vertical-align: inherit;\">Vlhkost %<\/span><\/span><\/span><\/span><\/p>\n<\/td>\n<td style=\"width: 286px;\">\n<p style=\"margin-left: 90.9500pt;\"><span style=\"vertical-align: inherit;\"><span style=\"vertical-align: inherit;\"><span dir=\"auto\" style=\"vertical-align: inherit;\"><span dir=\"auto\" style=\"vertical-align: inherit;\">62 &#8211; 70<\/span><\/span><\/span><\/span><\/p>\n<\/td>\n<\/tr>\n<tr>\n<td style=\"width: 283px;\" colspan=\"2\">\n<p style=\"margin-left: 5.8500pt;\"><span style=\"vertical-align: inherit;\"><span style=\"vertical-align: inherit;\"><span dir=\"auto\" style=\"vertical-align: inherit;\"><span dir=\"auto\" style=\"vertical-align: inherit;\">Objemov\u00e1 kapacita mmol\/ml<\/span><\/span><\/span><\/span><\/p>\n<\/td>\n<td style=\"width: 286px;\">\n<p style=\"margin-left: 95.5000pt;\"><span style=\"vertical-align: inherit;\"><span style=\"vertical-align: inherit;\"><span dir=\"auto\" style=\"vertical-align: inherit;\"><span dir=\"auto\" style=\"vertical-align: inherit;\">\u2265 0,8<\/span><\/span><\/span><\/span><\/p>\n<\/td>\n<\/tr>\n<tr>\n<td style=\"width: 283px;\" colspan=\"2\">\n<p style=\"margin-left: 5.7500pt;\"><span style=\"vertical-align: inherit;\"><span style=\"vertical-align: inherit;\"><span dir=\"auto\" style=\"vertical-align: inherit;\"><span dir=\"auto\" style=\"vertical-align: inherit;\">Objemov\u00e1 hustota g\/ml<\/span><\/span><\/span><\/span><\/p>\n<\/td>\n<td style=\"width: 286px;\">\n<p style=\"margin-left: 83.8500pt;\"><span style=\"vertical-align: inherit;\"><span style=\"vertical-align: inherit;\"><span dir=\"auto\" style=\"vertical-align: inherit;\"><span dir=\"auto\" style=\"vertical-align: inherit;\">0,66~0,75<\/span><\/span><\/span><\/span><\/p>\n<\/td>\n<\/tr>\n<tr>\n<td style=\"width: 136px;\">\n<p style=\"margin-left: 6.1000pt;\"><span style=\"vertical-align: inherit;\"><span style=\"vertical-align: inherit;\"><span dir=\"auto\" style=\"vertical-align: inherit;\"><span dir=\"auto\" style=\"vertical-align: inherit;\">Hustota<\/span><\/span><\/span><\/span><\/p>\n<\/td>\n<td style=\"width: 148px;\">\n<p style=\"margin-left: 58.1000pt;\"><span style=\"vertical-align: inherit;\"><span style=\"vertical-align: inherit;\"><span dir=\"auto\" style=\"vertical-align: inherit;\"><span dir=\"auto\" style=\"vertical-align: inherit;\">g\/ml<\/span><\/span><\/span><\/span><\/p>\n<\/td>\n<td style=\"width: 286px;\">\n<p style=\"margin-left: 84.2000pt;\"><span style=\"vertical-align: inherit;\"><span style=\"vertical-align: inherit;\"><span dir=\"auto\" style=\"vertical-align: inherit;\"><span dir=\"auto\" style=\"vertical-align: inherit;\">1,04~1,10<\/span><\/span><\/span><\/span><\/p>\n<\/td>\n<\/tr>\n<tr>\n<td style=\"width: 283px;\" colspan=\"2\">\n<p style=\"margin-left: 5.8500pt;\"><span style=\"vertical-align: inherit;\"><span style=\"vertical-align: inherit;\"><span dir=\"auto\" style=\"vertical-align: inherit;\"><span dir=\"auto\" style=\"vertical-align: inherit;\">Granulometrie (0,315-1,25 mm) %<\/span><\/span><\/span><\/span><\/p>\n<\/td>\n<td style=\"width: 286px;\">\n<p style=\"margin-left: 98.4500pt;\"><span style=\"vertical-align: inherit;\"><span style=\"vertical-align: inherit;\"><span dir=\"auto\" style=\"vertical-align: inherit;\"><span dir=\"auto\" style=\"vertical-align: inherit;\">\u226595<\/span><\/span><\/span><\/span><\/p>\n<\/td>\n<\/tr>\n<tr>\n<td style=\"width: 283px;\" colspan=\"2\">\n<p style=\"margin-left: 6.1500pt;\"><span style=\"vertical-align: inherit;\"><span style=\"vertical-align: inherit;\"><span dir=\"auto\" style=\"vertical-align: inherit;\"><span dir=\"auto\" style=\"vertical-align: inherit;\">Efektivn\u00ed rozsah velikosti \u010d\u00e1stic mm<\/span><\/span><\/span><\/span><\/p>\n<\/td>\n<td style=\"width: 286px;\">\n<p style=\"margin-left: 81.0000pt;\"><span style=\"vertical-align: inherit;\"><span style=\"vertical-align: inherit;\"><span dir=\"auto\" style=\"vertical-align: inherit;\"><span dir=\"auto\" style=\"vertical-align: inherit;\">0,45 \u2013 0,70<\/span><\/span><\/span><\/span><\/p>\n<\/td>\n<\/tr>\n<tr>\n<td style=\"width: 283px;\" colspan=\"2\">\n<p style=\"margin-left: 6.1000pt;\"><span style=\"vertical-align: inherit;\"><span style=\"vertical-align: inherit;\"><span dir=\"auto\" style=\"vertical-align: inherit;\"><span dir=\"auto\" style=\"vertical-align: inherit;\">Koeficient homogenity<\/span><\/span><\/span><\/span><\/p>\n<\/td>\n<td style=\"width: 286px;\">\n<p style=\"margin-left: 92.6500pt;\"><span style=\"vertical-align: inherit;\"><span style=\"vertical-align: inherit;\"><span dir=\"auto\" style=\"vertical-align: inherit;\"><span dir=\"auto\" style=\"vertical-align: inherit;\">\u2264 1,60<\/span><\/span><\/span><\/span><\/p>\n<\/td>\n<\/tr>\n<tr>\n<td style=\"width: 283px;\" colspan=\"2\">\n<p style=\"margin-left: 5.7500pt;\"><span style=\"vertical-align: inherit;\"><span style=\"vertical-align: inherit;\"><span dir=\"auto\" style=\"vertical-align: inherit;\"><span dir=\"auto\" style=\"vertical-align: inherit;\">Bobtnavost (Cl\u2192OH) %<\/span><\/span><\/span><\/span><\/p>\n<\/td>\n<td style=\"width: 286px;\">\n<p style=\"margin-left: 97.0000pt;\"><span style=\"vertical-align: inherit;\"><span style=\"vertical-align: inherit;\"><span dir=\"auto\" style=\"vertical-align: inherit;\"><span dir=\"auto\" style=\"vertical-align: inherit;\">\u2264 26<\/span><\/span><\/span><\/span><\/p>\n<\/td>\n<\/tr>\n<tr>\n<td style=\"width: 283px;\" colspan=\"2\">\n<p style=\"margin-left: 5.4000pt;\"><span style=\"vertical-align: inherit;\"><span style=\"vertical-align: inherit;\"><span dir=\"auto\" style=\"vertical-align: inherit;\"><span dir=\"auto\" style=\"vertical-align: inherit;\">Celistvost sf\u00e9rick\u00fdch granul\u00ed po mlet\u00ed %<\/span><\/span><\/span><\/span><\/p>\n<\/td>\n<td style=\"width: 286px;\">\n<p style=\"margin-left: 97.0000pt;\"><span style=\"vertical-align: inherit;\"><span style=\"vertical-align: inherit;\"><span dir=\"auto\" style=\"vertical-align: inherit;\"><span dir=\"auto\" style=\"vertical-align: inherit;\">\u2265 90<\/span><\/span><\/span><\/span><\/p>\n<\/td>\n<\/tr>\n<\/tbody>\n<\/table>\n<p>&nbsp;<\/p>\n<table style=\"width: 100%;\" border=\"1\" cellspacing=\"0\">\n<tbody>\n<tr>\n<td style=\"width: 262px;\">\n<p style=\"margin-left: 6.1500pt;\"><span style=\"vertical-align: inherit;\"><span style=\"vertical-align: inherit;\"><span dir=\"auto\" style=\"vertical-align: inherit;\"><span dir=\"auto\" style=\"vertical-align: inherit;\">Rozsah pH<\/span><\/span><\/span><\/span><\/p>\n<\/td>\n<td style=\"width: 329px;\" colspan=\"2\">\n<p style=\"margin-left: 109.5500pt;\"><span style=\"vertical-align: inherit;\"><span style=\"vertical-align: inherit;\"><span dir=\"auto\" style=\"vertical-align: inherit;\"><span dir=\"auto\" style=\"vertical-align: inherit;\">1 \u2013 14<\/span><\/span><\/span><\/span><\/p>\n<\/td>\n<\/tr>\n<tr>\n<td style=\"width: 262px;\">\n<p style=\"margin-left: 5.6000pt;\"><span style=\"vertical-align: inherit;\"><span style=\"vertical-align: inherit;\"><span dir=\"auto\" style=\"vertical-align: inherit;\"><span dir=\"auto\" style=\"vertical-align: inherit;\">Maxim\u00e1ln\u00ed teplota \u00b0C<\/span><\/span><\/span><\/span><\/p>\n<\/td>\n<td style=\"width: 168px;\">\n<p style=\"margin-left: 18.1500pt;\"><span style=\"vertical-align: inherit;\"><span style=\"vertical-align: inherit;\"><span dir=\"auto\" style=\"vertical-align: inherit;\"><span dir=\"auto\" style=\"vertical-align: inherit;\">\u2264 80 (pro formu Cl)<\/span><\/span><\/span><\/span><\/p>\n<\/td>\n<td style=\"width: 162px;\">\n<p style=\"margin-left: 13.2500pt;\"><span style=\"vertical-align: inherit;\"><span style=\"vertical-align: inherit;\"><span dir=\"auto\" style=\"vertical-align: inherit;\"><span dir=\"auto\" style=\"vertical-align: inherit;\">\u2264 60 (pro OH formu)<\/span><\/span><\/span><\/span><\/p>\n<\/td>\n<\/tr>\n<tr>\n<td style=\"width: 262px;\">\n<p style=\"margin-left: 5.6000pt;\"><span style=\"vertical-align: inherit;\"><span style=\"vertical-align: inherit;\"><span dir=\"auto\" style=\"vertical-align: inherit;\"><span dir=\"auto\" style=\"vertical-align: inherit;\">Celkov\u00e1 kapacita mmol\/l<\/span><\/span><\/span><\/span><\/p>\n<\/td>\n<td style=\"width: 329px;\" colspan=\"2\">\n<p style=\"margin-left: 113.1500pt;\"><span style=\"vertical-align: inherit;\"><span style=\"vertical-align: inherit;\"><span dir=\"auto\" style=\"vertical-align: inherit;\"><span dir=\"auto\" style=\"vertical-align: inherit;\">\u2265 480<\/span><\/span><\/span><\/span><\/p>\n<\/td>\n<\/tr>\n<tr>\n<td style=\"width: 262px;\">\n<p style=\"margin-left: 5.6000pt;\"><span style=\"vertical-align: inherit;\"><span style=\"vertical-align: inherit;\"><span dir=\"auto\" style=\"vertical-align: inherit;\"><span dir=\"auto\" style=\"vertical-align: inherit;\">V\u00fd\u0161ka vrstvy m<\/span><\/span><\/span><\/span><\/p>\n<\/td>\n<td style=\"width: 329px;\" colspan=\"2\">\n<p style=\"margin-left: 103.6500pt;\"><span style=\"vertical-align: inherit;\"><span style=\"vertical-align: inherit;\"><span dir=\"auto\" style=\"vertical-align: inherit;\"><span dir=\"auto\" style=\"vertical-align: inherit;\">1,0 \u2013 3,0<\/span><\/span><\/span><\/span><\/p>\n<\/td>\n<\/tr>\n<tr>\n<td style=\"width: 262px;\">\n<p style=\"margin-left: 6.1500pt;\"><span style=\"vertical-align: inherit;\"><span style=\"vertical-align: inherit;\"><span dir=\"auto\" style=\"vertical-align: inherit;\"><span dir=\"auto\" style=\"vertical-align: inherit;\">Regenerovat<\/span><\/span><\/span><\/span><\/p>\n<\/td>\n<td style=\"width: 329px;\" colspan=\"2\">\n<p style=\"margin-left: 109.5000pt;\"><span style=\"vertical-align: inherit;\"><span style=\"vertical-align: inherit;\"><span dir=\"auto\" style=\"vertical-align: inherit;\"><span dir=\"auto\" style=\"vertical-align: inherit;\">NaOH<\/span><\/span><\/span><\/span><\/p>\n<\/td>\n<\/tr>\n<\/tbody>\n<\/table>\n<p>&nbsp;<\/p>\n<table style=\"width: 100%;\" border=\"1\" cellspacing=\"0\">\n<tbody>\n<tr>\n<td style=\"width: 262px;\"><\/td>\n<td style=\"width: 329px;\" rowspan=\"2\">\n<p style=\"margin-left: 104.8500pt;\"><span style=\"vertical-align: inherit;\"><span style=\"vertical-align: inherit;\"><span dir=\"auto\" style=\"vertical-align: inherit;\"><span dir=\"auto\" style=\"vertical-align: inherit;\">100\u2013120<\/span><\/span><\/span><\/span><\/p>\n<\/td>\n<\/tr>\n<tr>\n<td style=\"width: 262px;\"><\/td>\n<\/tr>\n<tr>\n<td style=\"width: 262px;\">\n<p style=\"margin-left: 6.1500pt;\"><span style=\"vertical-align: inherit;\"><span style=\"vertical-align: inherit;\"><span dir=\"auto\" style=\"vertical-align: inherit;\"><span dir=\"auto\" style=\"vertical-align: inherit;\">Koncentrace regenera\u010dn\u00edho \u010dinidla %<\/span><\/span><\/span><\/span><\/p>\n<\/td>\n<td style=\"width: 329px;\">\n<p style=\"margin-left: 115.7000pt;\"><span style=\"vertical-align: inherit;\"><span style=\"vertical-align: inherit;\"><span dir=\"auto\" style=\"vertical-align: inherit;\"><span dir=\"auto\" style=\"vertical-align: inherit;\">2 &#8211; 4<\/span><\/span><\/span><\/span><\/p>\n<\/td>\n<\/tr>\n<tr>\n<td style=\"width: 262px;\">\n<p style=\"margin-left: 6.1500pt;\"><span style=\"vertical-align: inherit;\"><span style=\"vertical-align: inherit;\"><span dir=\"auto\" style=\"vertical-align: inherit;\"><span dir=\"auto\" style=\"vertical-align: inherit;\">Pr\u016ftok regenera\u010dn\u00ed kapaliny m\/h<\/span><\/span><\/span><\/span><\/p>\n<\/td>\n<td style=\"width: 329px;\">\n<p style=\"margin-left: 113.0000pt;\"><span style=\"vertical-align: inherit;\"><span style=\"vertical-align: inherit;\"><span dir=\"auto\" style=\"vertical-align: inherit;\"><span dir=\"auto\" style=\"vertical-align: inherit;\">4 &#8211; 5<\/span><\/span><\/span><\/span><\/p>\n<\/td>\n<\/tr>\n<tr>\n<td style=\"width: 262px;\">\n<p style=\"margin-left: 6.1500pt;\"><span style=\"vertical-align: inherit;\"><span style=\"vertical-align: inherit;\"><span dir=\"auto\" style=\"vertical-align: inherit;\"><span dir=\"auto\" style=\"vertical-align: inherit;\">Teplota regenerace \u00b0C<\/span><\/span><\/span><\/span><\/p>\n<\/td>\n<td style=\"width: 329px;\">\n<p style=\"margin-left: 114.8000pt;\"><span style=\"vertical-align: inherit;\"><span style=\"vertical-align: inherit;\"><span dir=\"auto\" style=\"vertical-align: inherit;\"><span dir=\"auto\" style=\"vertical-align: inherit;\">&#8211; 40<\/span><\/span><\/span><\/span><\/p>\n<\/td>\n<\/tr>\n<tr>\n<td style=\"width: 262px;\">\n<p style=\"margin-left: 6.1500pt;\"><span style=\"vertical-align: inherit;\"><span style=\"vertical-align: inherit;\"><span dir=\"auto\" style=\"vertical-align: inherit;\"><span dir=\"auto\" style=\"vertical-align: inherit;\">Doba kontaktu regenera\u010dn\u00edho m\u00e9dia min.<\/span><\/span><\/span><\/span><\/p>\n<\/td>\n<td style=\"width: 329px;\">\n<p style=\"margin-left: 110.9000pt;\"><span style=\"vertical-align: inherit;\"><span style=\"vertical-align: inherit;\"><span dir=\"auto\" style=\"vertical-align: inherit;\"><span dir=\"auto\" style=\"vertical-align: inherit;\">\uff1e 30<\/span><\/span><\/span><\/span><\/p>\n<\/td>\n<\/tr>\n<tr>\n<td style=\"width: 262px;\">\n<p style=\"margin-left: 6.1500pt;\"><span style=\"vertical-align: inherit;\"><span style=\"vertical-align: inherit;\"><span dir=\"auto\" style=\"vertical-align: inherit;\"><span dir=\"auto\" style=\"vertical-align: inherit;\">V\u00fdm\u011bnn\u00fd pr\u016ftok m\/h<\/span><\/span><\/span><\/span><\/p>\n<\/td>\n<td style=\"width: 329px;\">\n<p style=\"margin-left: 113.0000pt;\"><span style=\"vertical-align: inherit;\"><span style=\"vertical-align: inherit;\"><span dir=\"auto\" style=\"vertical-align: inherit;\"><span dir=\"auto\" style=\"vertical-align: inherit;\">4 &#8211; 5<\/span><\/span><\/span><\/span><\/p>\n<\/td>\n<\/tr>\n<tr>\n<td style=\"width: 262px;\">\n<p style=\"margin-left: 6.1500pt;\"><span style=\"vertical-align: inherit;\"><span style=\"vertical-align: inherit;\"><span dir=\"auto\" style=\"vertical-align: inherit;\"><span dir=\"auto\" style=\"vertical-align: inherit;\">Minim\u00e1ln\u00ed doba v\u00fdm\u011bny<\/span><\/span><\/span><\/span><\/p>\n<\/td>\n<td style=\"width: 329px;\">\n<p style=\"margin-left: 107.2500pt;\"><span style=\"vertical-align: inherit;\"><span style=\"vertical-align: inherit;\"><span dir=\"auto\" style=\"vertical-align: inherit;\"><span dir=\"auto\" style=\"vertical-align: inherit;\">25 &#8211; 40<\/span><\/span><\/span><\/span><\/p>\n<\/td>\n<\/tr>\n<tr>\n<td style=\"width: 262px;\">\n<p style=\"margin-left: 6.1500pt;\"><span style=\"vertical-align: inherit;\"><span style=\"vertical-align: inherit;\"><span dir=\"auto\" style=\"vertical-align: inherit;\"><span dir=\"auto\" style=\"vertical-align: inherit;\">Pr\u016ftok proplachov\u00e1n\u00ed m\/h<\/span><\/span><\/span><\/span><\/p>\n<\/td>\n<td style=\"width: 329px;\">\n<p style=\"margin-left: 107.8000pt;\"><span style=\"vertical-align: inherit;\"><span style=\"vertical-align: inherit;\"><span dir=\"auto\" style=\"vertical-align: inherit;\"><span dir=\"auto\" style=\"vertical-align: inherit;\">15 &#8211; 20<\/span><\/span><\/span><\/span><\/p>\n<\/td>\n<\/tr>\n<tr>\n<td style=\"width: 262px;\">\n<p style=\"margin-left: 6.1500pt;\"><span style=\"vertical-align: inherit;\"><span style=\"vertical-align: inherit;\"><span dir=\"auto\" style=\"vertical-align: inherit;\"><span dir=\"auto\" style=\"vertical-align: inherit;\">Doba pran\u00ed (min.)<\/span><\/span><\/span><\/span><\/p>\n<\/td>\n<td style=\"width: 329px;\">\n<p style=\"margin-left: 107.2500pt;\"><span style=\"vertical-align: inherit;\"><span style=\"vertical-align: inherit;\"><span dir=\"auto\" style=\"vertical-align: inherit;\"><span dir=\"auto\" style=\"vertical-align: inherit;\">20 &#8211; 30<\/span><\/span><\/span><\/span><\/p>\n<\/td>\n<\/tr>\n<tr>\n<td style=\"width: 262px;\">\n<p style=\"margin-left: 5.8000pt;\"><span style=\"vertical-align: inherit;\"><span style=\"vertical-align: inherit;\"><span dir=\"auto\" style=\"vertical-align: inherit;\"><span dir=\"auto\" style=\"vertical-align: inherit;\">Provozn\u00ed pr\u016ftok m\/h<\/span><\/span><\/span><\/span><\/p>\n<\/td>\n<td style=\"width: 329px;\">\n<p style=\"margin-left: 107.8000pt;\"><span style=\"vertical-align: inherit;\"><span style=\"vertical-align: inherit;\"><span dir=\"auto\" style=\"vertical-align: inherit;\"><span dir=\"auto\" style=\"vertical-align: inherit;\">15 &#8211; 30<\/span><\/span><\/span><\/span><\/p>\n<\/td>\n<\/tr>\n<\/tbody>\n<\/table>\n<\/div>\n<\/td>\n<\/tr>\n<\/tbody>\n<\/table>\n","protected":false},"excerpt":{"rendered":"<p>ZGD 750 Makropor\u00e9zn\u00ed siln\u011b bazick\u00e1 aniontov\u00e1 iontom\u011bni\u010dov\u00e1 prysky\u0159ice POPIS PRODUKTU ZGD 750 ZGD 750 (v Cl nebo OH form\u011b) je vysokokapacitn\u00ed, proti organick\u00e9mu zne\u010di\u0161t\u011bn\u00ed odoln\u00e1, makropor\u00e9zn\u00ed, siln\u011b z\u00e1sadit\u00e1 aniontom\u011bni\u010dov\u00e1 prysky\u0159ice typu I. ZGD 750, dostupn\u00e1 v chloridov\u00e9 a hydroxidov\u00e9 form\u011b, se pou\u017e\u00edv\u00e1 p\u0159edev\u0161\u00edm k odstra\u0148ov\u00e1n\u00ed organick\u00fdch slou\u010denin a barev z vody\/odpadn\u00edch vod a v cukrovarnick\u00e9m&#8230;<\/p>\n","protected":false},"featured_media":1873,"comment_status":"closed","ping_status":"closed","template":"","meta":[],"product_cat":[594,502],"product_tag":[],"class_list":["post-1962","product","type-product","status-publish","has-post-thumbnail","hentry","product_cat-makroporezni-adsorbenty-cs","product_cat-produkty-cs"],"_links":{"self":[{"href":"https:\/\/hydrolite.eu\/cs\/wp-json\/wp\/v2\/product\/1962","targetHints":{"allow":["GET"]}}],"collection":[{"href":"https:\/\/hydrolite.eu\/cs\/wp-json\/wp\/v2\/product"}],"about":[{"href":"https:\/\/hydrolite.eu\/cs\/wp-json\/wp\/v2\/types\/product"}],"replies":[{"embeddable":true,"href":"https:\/\/hydrolite.eu\/cs\/wp-json\/wp\/v2\/comments?post=1962"}],"wp:featuredmedia":[{"embeddable":true,"href":"https:\/\/hydrolite.eu\/cs\/wp-json\/wp\/v2\/media\/1873"}],"wp:attachment":[{"href":"https:\/\/hydrolite.eu\/cs\/wp-json\/wp\/v2\/media?parent=1962"}],"wp:term":[{"taxonomy":"product_cat","embeddable":true,"href":"https:\/\/hydrolite.eu\/cs\/wp-json\/wp\/v2\/product_cat?post=1962"},{"taxonomy":"product_tag","embeddable":true,"href":"https:\/\/hydrolite.eu\/cs\/wp-json\/wp\/v2\/product_tag?post=1962"}],"curies":[{"name":"wp","href":"https:\/\/api.w.org\/{rel}","templated":true}]}}