{"id":1929,"date":"2025-09-21T13:40:00","date_gmt":"2025-09-25T21:02:20","guid":{"rendered":"https:\/\/hydrolite.eu\/?post_type=product&#038;p=1929"},"modified":"2025-09-30T10:15:18","modified_gmt":"2025-09-30T07:15:18","slug":"zdg630-makroporezni-slabe-bazicka-aniontomenicova-pryskyrice","status":"publish","type":"product","link":"https:\/\/hydrolite.eu\/cs\/product\/zdg630-makroporezni-slabe-bazicka-aniontomenicova-pryskyrice\/","title":{"rendered":"ZDG630 makropor\u00e9zn\u00ed slab\u011b bazick\u00e1 aniontom\u011bni\u010dov\u00e1 prysky\u0159ice"},"content":{"rendered":"<table border=\"0\" width=\"100%\" cellspacing=\"1\" cellpadding=\"0\" align=\"center\" bgcolor=\"dee8f3\">\n<tbody>\n<tr>\n<td align=\"left\" bgcolor=\"054696\" width=\"70%\" height=\"50\">\n<div class=\"zzzzz1\" align=\"center\"><span style=\"vertical-align: inherit;\"><span style=\"vertical-align: inherit;\">ZDG630 makropor\u00e9zn\u00ed slab\u011b bazick\u00e1 aniontom\u011bni\u010dov\u00e1 prysky\u0159ice<\/span><\/span><\/div>\n<\/td>\n<\/tr>\n<tr>\n<td style=\"padding: 20px;\" align=\"left\" bgcolor=\"#FFFFFF\"><strong><span style=\"vertical-align: inherit;\"><span style=\"vertical-align: inherit;\">1. Popis:<\/span><\/span><\/strong><\/p>\n<p><span style=\"vertical-align: inherit;\"><span style=\"vertical-align: inherit;\">&#8222;Hydrolite&#8220; <\/span><\/span><strong><span style=\"vertical-align: inherit;\"><span style=\"vertical-align: inherit;\">D630<\/span><\/span><\/strong><span style=\"vertical-align: inherit;\"><span style=\"vertical-align: inherit;\"> \u2013 Jedn\u00e1 se o typ aniontov\u00e9 v\u00fdm\u011bnn\u00e9 prysky\u0159ice obsahuj\u00edc\u00ed slab\u011b bazickou akrylovou skupinu s makropor\u00e9zn\u00ed strukturou. M\u00e1 norm\u00e1ln\u00ed v\u00fdm\u011bnnou kapacitu. Jej\u00edm prim\u00e1rn\u00edm pou\u017eit\u00edm je odstra\u0148ov\u00e1n\u00ed siln\u011b kysel\u00fdch iont\u016f, jako nap\u0159\u00edklad SO <\/span><\/span><sub><span style=\"vertical-align: inherit;\"><span style=\"vertical-align: inherit;\">4 <\/span><\/span><\/sub><sup><span style=\"vertical-align: inherit;\"><span style=\"vertical-align: inherit;\">2-<\/span><\/span><\/sup><span style=\"vertical-align: inherit;\"><span style=\"vertical-align: inherit;\"> , CI- <\/span><\/span><sup><span style=\"vertical-align: inherit;\"><span style=\"vertical-align: inherit;\">,<\/span><\/span><\/sup><span style=\"vertical-align: inherit;\"><span style=\"vertical-align: inherit;\"> pro neutralizaci s dobrou dynamikou. Pro regeneraci lze pou\u017e\u00edt amoniak, uhli\u010ditan sodn\u00fd nebo hydroxid sodn\u00fd. D\u00e1le jej lze pou\u017e\u00edt k extrakci uranu z d\u016fln\u00edch odpadn\u00edch vod, k odstran\u011bn\u00ed olova z niklov\u00fdch nebo kobaltov\u00fdch elektrolyt\u016f a je obzvl\u00e1\u0161t\u011b vhodn\u00fd pro extrakci wolframu a molybdenu v hydrometalurgii.<\/span><\/span><\/p>\n<p><strong><span style=\"vertical-align: inherit;\"><span style=\"vertical-align: inherit;\">2. Typick\u00e9 fyzik\u00e1ln\u00ed a chemick\u00e9 vlastnosti:<\/span><\/span><\/strong><\/p>\n<table style=\"width: 559px;\" border=\"1\" cellspacing=\"0\" align=\"center\">\n<tbody>\n<tr>\n<td style=\"width: 346px;\" colspan=\"2\">\n<p align=\"center\">Mo\u017enosti<\/p>\n<\/td>\n<td style=\"width: 213px;\">\n<p align=\"center\">Index<\/p>\n<\/td>\n<\/tr>\n<tr>\n<td style=\"width: 346px;\" colspan=\"2\">\n<p align=\"center\">Vzhled<\/p>\n<\/td>\n<td style=\"width: 213px;\">\n<p align=\"center\">Ml\u00e9\u010dn\u011b b\u00edl\u00e9 nepr\u016fhledn\u00e9 granule<\/p>\n<\/td>\n<\/tr>\n<tr>\n<td style=\"width: 346px;\" colspan=\"2\">\n<p align=\"center\">Iontov\u00e1 forma<\/p>\n<\/td>\n<td style=\"width: 213px;\">\n<p align=\"center\">Voln\u00fd amin<\/p>\n<\/td>\n<\/tr>\n<tr>\n<td style=\"width: 346px;\" colspan=\"2\">vlhkost %<\/td>\n<td style=\"width: 213px;\">\n<p align=\"center\"><span style=\"vertical-align: inherit;\"><span style=\"vertical-align: inherit;\">55.00-65.00<\/span><\/span><\/p>\n<\/td>\n<\/tr>\n<tr>\n<td style=\"width: 346px;\" colspan=\"2\">Celkov\u00e1 v\u00fdm\u011bnn\u00e1 kapacita mmol\/ml \u2265<\/td>\n<td style=\"width: 213px;\">\n<p align=\"center\"><span style=\"vertical-align: inherit;\"><span style=\"vertical-align: inherit;\">2.0<\/span><\/span><\/p>\n<\/td>\n<\/tr>\n<tr>\n<td style=\"width: 346px;\" colspan=\"2\">Objemov\u00e1 hustota g\/ml<\/td>\n<td style=\"width: 213px;\">\n<p align=\"center\"><span style=\"vertical-align: inherit;\"><span style=\"vertical-align: inherit;\">0,66-0,74<\/span><\/span><\/p>\n<\/td>\n<\/tr>\n<tr>\n<td style=\"width: 346px;\" colspan=\"2\">Skute\u010dn\u00e1 (vlhk\u00e1) hustota g\/ml<\/td>\n<td style=\"width: 213px;\">\n<p align=\"center\"><span style=\"vertical-align: inherit;\"><span style=\"vertical-align: inherit;\">1.060 \uff5e 1.120<\/span><\/span><\/p>\n<\/td>\n<\/tr>\n<tr>\n<td style=\"width: 77px;\" rowspan=\"2\">\n<p align=\"center\">Velikost \u010d\u00e1stic<\/p>\n<\/td>\n<td style=\"width: 269px;\">Rozsah velikosti \u010d\u00e1stic %<\/td>\n<td style=\"width: 213px;\">\n<p align=\"center\"><span style=\"vertical-align: inherit;\"><span style=\"vertical-align: inherit;\">(0,315\uff5e1,250 mm) \u2265 95,0<\/span><\/span><\/p>\n<\/td>\n<\/tr>\n<tr>\n<td style=\"width: 269px;\"><span style=\"vertical-align: inherit;\"><span style=\"vertical-align: inherit;\">Doln\u00ed hranice velikosti \u010d\u00e1stic % \u2264<\/span><\/span><\/td>\n<td style=\"width: 213px;\">\n<p align=\"center\"><span style=\"vertical-align: inherit;\"><span style=\"vertical-align: inherit;\">(\uff1c0,315 mm\uff09 \u200b\u200b\u22641,0<\/span><\/span><\/p>\n<\/td>\n<\/tr>\n<tr>\n<td style=\"width: 346px;\" colspan=\"2\">Efektivn\u00ed koeficient mm \u2265<\/td>\n<td style=\"width: 213px;\">\n<p align=\"center\"><span style=\"vertical-align: inherit;\"><span style=\"vertical-align: inherit;\">0.4<\/span><\/span><\/p>\n<\/td>\n<\/tr>\n<tr>\n<td style=\"width: 346px;\" colspan=\"2\"><span style=\"vertical-align: inherit;\"><span style=\"vertical-align: inherit;\">Jednotn\u00fd koeficient \u2264<\/span><\/span><\/td>\n<td style=\"width: 213px;\">\n<p align=\"center\"><span style=\"vertical-align: inherit;\"><span style=\"vertical-align: inherit;\">1.60<\/span><\/span><\/p>\n<\/td>\n<\/tr>\n<tr>\n<td style=\"width: 346px;\" colspan=\"2\"><span style=\"vertical-align: inherit;\"><span style=\"vertical-align: inherit;\">Odolnost proti od\u011bru % \u2265<\/span><\/span><\/td>\n<td style=\"width: 213px;\">\n<p align=\"center\"><span style=\"vertical-align: inherit;\"><span style=\"vertical-align: inherit;\">95.00<\/span><\/span><\/p>\n<\/td>\n<\/tr>\n<\/tbody>\n<\/table>\n<div style=\"clear: both;\"><\/div>\n<\/td>\n<\/tr>\n<\/tbody>\n<\/table>\n","protected":false},"excerpt":{"rendered":"<p>ZDG630 makropor\u00e9zn\u00ed slab\u011b bazick\u00e1 aniontom\u011bni\u010dov\u00e1 prysky\u0159ice 1. Popis: &#8222;Hydrolite&#8220; D630 \u2013 Jedn\u00e1 se o typ aniontov\u00e9 v\u00fdm\u011bnn\u00e9 prysky\u0159ice obsahuj\u00edc\u00ed slab\u011b bazickou akrylovou skupinu s makropor\u00e9zn\u00ed strukturou. M\u00e1 norm\u00e1ln\u00ed v\u00fdm\u011bnnou kapacitu. Jej\u00edm prim\u00e1rn\u00edm pou\u017eit\u00edm je odstra\u0148ov\u00e1n\u00ed siln\u011b kysel\u00fdch iont\u016f, jako nap\u0159\u00edklad SO 4 2- , CI- , pro neutralizaci s dobrou dynamikou. Pro regeneraci lze pou\u017e\u00edt&#8230;<\/p>\n","protected":false},"featured_media":1873,"comment_status":"closed","ping_status":"closed","template":"","meta":[],"product_cat":[594,502],"product_tag":[],"class_list":["post-1929","product","type-product","status-publish","has-post-thumbnail","hentry","product_cat-makroporezni-adsorbenty-cs","product_cat-produkty-cs"],"_links":{"self":[{"href":"https:\/\/hydrolite.eu\/cs\/wp-json\/wp\/v2\/product\/1929","targetHints":{"allow":["GET"]}}],"collection":[{"href":"https:\/\/hydrolite.eu\/cs\/wp-json\/wp\/v2\/product"}],"about":[{"href":"https:\/\/hydrolite.eu\/cs\/wp-json\/wp\/v2\/types\/product"}],"replies":[{"embeddable":true,"href":"https:\/\/hydrolite.eu\/cs\/wp-json\/wp\/v2\/comments?post=1929"}],"wp:featuredmedia":[{"embeddable":true,"href":"https:\/\/hydrolite.eu\/cs\/wp-json\/wp\/v2\/media\/1873"}],"wp:attachment":[{"href":"https:\/\/hydrolite.eu\/cs\/wp-json\/wp\/v2\/media?parent=1929"}],"wp:term":[{"taxonomy":"product_cat","embeddable":true,"href":"https:\/\/hydrolite.eu\/cs\/wp-json\/wp\/v2\/product_cat?post=1929"},{"taxonomy":"product_tag","embeddable":true,"href":"https:\/\/hydrolite.eu\/cs\/wp-json\/wp\/v2\/product_tag?post=1929"}],"curies":[{"name":"wp","href":"https:\/\/api.w.org\/{rel}","templated":true}]}}