{"id":1928,"date":"2025-09-21T13:40:00","date_gmt":"2025-09-25T20:51:55","guid":{"rendered":"https:\/\/hydrolite.eu\/?post_type=product&#038;p=1928"},"modified":"2025-09-26T10:39:28","modified_gmt":"2025-09-26T07:39:28","slug":"zgd180-makroporezni-silne-kysela-kationtomenicova-pryskyrice","status":"publish","type":"product","link":"https:\/\/hydrolite.eu\/cs\/product\/zgd180-makroporezni-silne-kysela-kationtomenicova-pryskyrice\/","title":{"rendered":"ZGD180 Makropor\u00e9zn\u00ed siln\u011b kysel\u00e1 kationtom\u011bni\u010dov\u00e1 prysky\u0159ice"},"content":{"rendered":"<table border=\"0\" width=\"100%\" cellspacing=\"1\" cellpadding=\"0\" align=\"center\" bgcolor=\"dee8f3\">\n<tbody>\n<tr>\n<td align=\"left\" bgcolor=\"054696\" width=\"70%\" height=\"50\">\n<div class=\"zzzzz1\" align=\"center\"><span style=\"vertical-align: inherit;\"><span class=\"\" style=\"vertical-align: inherit;\">ZGD180 Makropor\u00e9zn\u00ed siln\u011b kysel\u00e1 kationtom\u011bni\u010dov\u00e1 prysky\u0159ice<\/span><\/span><\/div>\n<\/td>\n<\/tr>\n<tr>\n<td style=\"padding: 20px;\" align=\"left\" bgcolor=\"#FFFFFF\"><strong><span style=\"vertical-align: inherit;\"><span style=\"vertical-align: inherit;\">POPIS PRODUKTU ZGD180<\/span><\/span><\/strong><span style=\"vertical-align: inherit;\"><span style=\"vertical-align: inherit;\">ZGD180 \u2013 Jedn\u00e1 se o vysoce kvalitn\u00ed, makropor\u00e9zn\u00ed, siln\u011b kyselou kationtom\u011bni\u010dovou prysky\u0159ici, dostupnou v sod\u00edkov\u00e9 (Na) nebo vod\u00edkov\u00e9 (H) form\u011b. Jedn\u00e1 se o kopolymer styrenu a divinylbenzenu se sulfonovou v\u00fdm\u011bnnou skupinou. Jeho unik\u00e1tn\u00ed struktura zaji\u0161\u0165uje vysokou zpracovatelnost a vynikaj\u00edc\u00ed chemickou a fyzik\u00e1ln\u00ed stabilitu. Pou\u017e\u00edv\u00e1 se p\u0159edev\u0161\u00edm k v\u00fdrob\u011b \u010dist\u00e9 a ultra\u010dist\u00e9 vody a k do\u010di\u0161t\u011bn\u00ed kondenz\u00e1tu. Lze jej tak\u00e9 pou\u017e\u00edt k \u010di\u0161t\u011bn\u00ed odpadn\u00edch vod a extrakci t\u011b\u017ek\u00fdch kov\u016f.<\/span><\/span><\/p>\n<p>&nbsp;<\/p>\n<p><strong>FYZIK\u00c1LN\u00cd A CHEMICK\u00c9 VLASTNOSTI<\/strong><\/p>\n<table style=\"width: 569px;\" border=\"1\" cellspacing=\"0\">\n<tbody>\n<tr>\n<td style=\"width: 283px;\" colspan=\"2\">\n<p style=\"margin-left: 79.0500pt;\">Vzhled<\/p>\n<\/td>\n<td style=\"width: 286px;\">\n<p style=\"margin-left: 61.5000pt;\">Pr\u016fhledn\u00e9 kulovit\u00e9 granule<\/p>\n<\/td>\n<\/tr>\n<tr>\n<td style=\"width: 283px;\" colspan=\"2\">\n<p style=\"margin-left: 5.6500pt;\">Struktura polymern\u00ed matrice<\/p>\n<\/td>\n<td style=\"width: 286px;\">\n<p style=\"margin-left: 75.0500pt;\">\u0421\u0442\u0438\u0440\u043e\u043b\u00a0&#8211;\u00a0DVB<\/p>\n<\/td>\n<\/tr>\n<tr>\n<td style=\"width: 283px;\" colspan=\"2\">\n<p style=\"margin-left: 5.7500pt;\">Typ<\/p>\n<\/td>\n<td style=\"width: 286px;\">\n<p style=\"margin-left: 50.6500pt;\">Makropor\u00e9zn\u00ed siln\u011b kysel\u00fd<\/p>\n<\/td>\n<\/tr>\n<tr>\n<td style=\"width: 283px;\" colspan=\"2\">\n<p style=\"margin-left: 5.6000pt;\">Funk\u010dn\u00ed skupina<\/p>\n<\/td>\n<td style=\"width: 286px;\">\n<p style=\"margin-left: 77.6500pt;\"><span style=\"vertical-align: inherit;\"><span style=\"vertical-align: inherit;\">\u0420\u2014(SO3)-\u041c+<\/span><\/span><\/p>\n<\/td>\n<\/tr>\n<tr>\n<td style=\"width: 283px;\" colspan=\"2\">\n<p style=\"margin-left: 5.6000pt;\">Iontov\u00e1 forma<\/p>\n<\/td>\n<td style=\"width: 286px;\">\n<p style=\"margin-left: 98.6000pt;\"><span style=\"vertical-align: inherit;\"><span style=\"vertical-align: inherit;\">Na+<\/span><\/span><\/p>\n<\/td>\n<\/tr>\n<tr>\n<td style=\"width: 283px;\" colspan=\"2\">\n<p style=\"margin-left: 5.6000pt;\"><span style=\"vertical-align: inherit;\"><span style=\"vertical-align: inherit;\">Obsah vlhkosti %<\/span><\/span><\/p>\n<\/td>\n<td style=\"width: 286px;\">\n<p style=\"margin-left: 94.7000pt;\"><span style=\"vertical-align: inherit;\"><span style=\"vertical-align: inherit;\">35 &#8211; 40<\/span><\/span><\/p>\n<\/td>\n<\/tr>\n<tr>\n<td style=\"width: 283px;\" colspan=\"2\">\n<p style=\"margin-left: 5.8000pt;\">Kapacita podle objemu mmol\/ml<\/p>\n<\/td>\n<td style=\"width: 286px;\">\n<p style=\"margin-left: 93.7500pt;\"><span style=\"vertical-align: inherit;\"><span style=\"vertical-align: inherit;\">\u2265 2,3<\/span><\/span><\/p>\n<\/td>\n<\/tr>\n<tr>\n<td style=\"width: 283px;\" colspan=\"2\">\n<p style=\"margin-left: 5.7500pt;\">Celkov\u00e1 v\u00fdm\u011bnn\u00e1 kapacita mmol\/g<\/p>\n<\/td>\n<td style=\"width: 286px;\">\n<p style=\"margin-left: 91.1000pt;\"><span style=\"vertical-align: inherit;\"><span style=\"vertical-align: inherit;\">\u2265 4,35<\/span><\/span><\/p>\n<\/td>\n<\/tr>\n<tr>\n<td style=\"width: 283px;\" colspan=\"2\">\n<p style=\"margin-left: 5.9000pt;\">P\u0159epravn\u00ed hmotnost g\/ml<\/p>\n<\/td>\n<td style=\"width: 286px;\">\n<p style=\"margin-left: 84.8000pt;\"><span style=\"vertical-align: inherit;\"><span style=\"vertical-align: inherit;\">0,82\u2013 0,90<\/span><\/span><\/p>\n<\/td>\n<\/tr>\n<tr>\n<td style=\"width: 130px;\">\n<p style=\"margin-left: 5.5000pt;\">Hustota<\/p>\n<\/td>\n<td style=\"width: 153px;\">\n<p style=\"margin-left: 58.2500pt;\">g\/ml<\/p>\n<\/td>\n<td style=\"width: 286px;\">\n<p style=\"margin-left: 85.1000pt;\"><span style=\"vertical-align: inherit;\"><span style=\"vertical-align: inherit;\">1,25\u2013 1,35<\/span><\/span><\/p>\n<\/td>\n<\/tr>\n<tr>\n<td style=\"width: 283px;\" colspan=\"2\">\n<p style=\"margin-left: 5.8000pt;\">Granulometrie (0,315-1,25 mm) %<\/p>\n<\/td>\n<td style=\"width: 286px;\">\n<p style=\"margin-left: 95.1000pt;\"><span style=\"vertical-align: inherit;\"><span style=\"vertical-align: inherit;\">\u2265 95<\/span><\/span><\/p>\n<\/td>\n<\/tr>\n<\/tbody>\n<\/table>\n<p><strong>APLIKACE<\/strong><\/p>\n<p>Makropor\u00e9zn\u00ed, vysoce kysel\u00e1 prysky\u0159ice ZGD180 je vhodn\u00e1 pro v\u0161echny typy \u00fapravy vody, v\u010detn\u011b zm\u011bk\u010dov\u00e1n\u00ed, odsolov\u00e1n\u00ed a \u010di\u0161t\u011bn\u00ed odpadn\u00edch vod. M\u00e1 del\u0161\u00ed \u017eivotnost p\u0159i \u00faprav\u011b agresivn\u00edch vod, jako je kondenz\u00e1t, chlorovan\u00e1 voda a voda s vysok\u00fdmi teplotami nebo n\u00edzk\u00fdmi\/vysok\u00fdmi pr\u016ftoky.<\/p>\n<p><span style=\"vertical-align: inherit;\"><span style=\"vertical-align: inherit;\">ZGD180 Pou\u017e\u00edv\u00e1 se spole\u010dn\u011b se slab\u011b kyselou kationtovou prysky\u0159ic\u00ed v kationtov\u00e9 dvouslo\u017ekov\u00e9 vrstv\u011b pro \u010di\u0161t\u011bn\u00ed \u010dist\u00e9 a ultra\u010dist\u00e9 vody.<\/span><\/span><\/p>\n<p>D\u00edky sv\u00e9 makropor\u00e9zn\u00ed struktu\u0159e, vysok\u00e9 kinetice, velk\u00e9mu povrchu a odpov\u00eddaj\u00edc\u00ed p\u00f3rovitosti se ZGD180 pou\u017e\u00edv\u00e1 jako katalyz\u00e1tor v mnoha chemick\u00fdch procesech.<\/td>\n<\/tr>\n<\/tbody>\n<\/table>\n<div id=\"gtx-trans\" style=\"position: absolute; left: 167px; top: 46.1875px;\">\n<div class=\"gtx-trans-icon\"><\/div>\n<\/div>\n","protected":false},"excerpt":{"rendered":"<p>ZGD180 Makropor\u00e9zn\u00ed siln\u011b kysel\u00e1 kationtom\u011bni\u010dov\u00e1 prysky\u0159ice POPIS PRODUKTU ZGD180ZGD180 \u2013 Jedn\u00e1 se o vysoce kvalitn\u00ed, makropor\u00e9zn\u00ed, siln\u011b kyselou kationtom\u011bni\u010dovou prysky\u0159ici, dostupnou v sod\u00edkov\u00e9 (Na) nebo vod\u00edkov\u00e9 (H) form\u011b. Jedn\u00e1 se o kopolymer styrenu a divinylbenzenu se sulfonovou v\u00fdm\u011bnnou skupinou. Jeho unik\u00e1tn\u00ed struktura zaji\u0161\u0165uje vysokou zpracovatelnost a vynikaj\u00edc\u00ed chemickou a fyzik\u00e1ln\u00ed stabilitu. Pou\u017e\u00edv\u00e1 se p\u0159edev\u0161\u00edm k&#8230;<\/p>\n","protected":false},"featured_media":1873,"comment_status":"closed","ping_status":"closed","template":"","meta":[],"product_cat":[594,502],"product_tag":[],"class_list":["post-1928","product","type-product","status-publish","has-post-thumbnail","hentry","product_cat-makroporezni-adsorbenty-cs","product_cat-produkty-cs"],"_links":{"self":[{"href":"https:\/\/hydrolite.eu\/cs\/wp-json\/wp\/v2\/product\/1928","targetHints":{"allow":["GET"]}}],"collection":[{"href":"https:\/\/hydrolite.eu\/cs\/wp-json\/wp\/v2\/product"}],"about":[{"href":"https:\/\/hydrolite.eu\/cs\/wp-json\/wp\/v2\/types\/product"}],"replies":[{"embeddable":true,"href":"https:\/\/hydrolite.eu\/cs\/wp-json\/wp\/v2\/comments?post=1928"}],"wp:featuredmedia":[{"embeddable":true,"href":"https:\/\/hydrolite.eu\/cs\/wp-json\/wp\/v2\/media\/1873"}],"wp:attachment":[{"href":"https:\/\/hydrolite.eu\/cs\/wp-json\/wp\/v2\/media?parent=1928"}],"wp:term":[{"taxonomy":"product_cat","embeddable":true,"href":"https:\/\/hydrolite.eu\/cs\/wp-json\/wp\/v2\/product_cat?post=1928"},{"taxonomy":"product_tag","embeddable":true,"href":"https:\/\/hydrolite.eu\/cs\/wp-json\/wp\/v2\/product_tag?post=1928"}],"curies":[{"name":"wp","href":"https:\/\/api.w.org\/{rel}","templated":true}]}}