{"id":5348,"date":"2025-11-05T01:41:11","date_gmt":"2025-11-04T22:41:11","guid":{"rendered":"https:\/\/hydrolite.eu\/?page_id=5348"},"modified":"2025-11-05T01:48:00","modified_gmt":"2025-11-04T22:48:00","slug":"spolecnost","status":"publish","type":"page","link":"https:\/\/hydrolite.eu\/cs\/spolecnost\/","title":{"rendered":"Spole\u010dnost"},"content":{"rendered":"\t<div id=\"gap-2062121088\" class=\"gap-element clearfix\" style=\"display:block; height:auto;\">\n\t\t\n<style>\n#gap-2062121088 {\n  padding-top: 30px;\n}\n<\/style>\n\t<\/div>\n\t\n<div class=\"row row-large row-full-width\"  id=\"row-1959189324\">\n\n\t<div id=\"col-1723152272\" class=\"col medium-8 small-12 large-8\"  >\n\t\t<div class=\"col-inner\"  >\n\t\t\t\n\t\t\t\n<h2 class=\"uppercase\">O n\u00e1s<\/h2>\n<h3>Toto jsou webov\u00e9 str\u00e1nky evropsk\u00e9ho prodejce, spole\u010dnosti EuroEcoTech (N\u011bmecko).<\/h3>\n<p>Iontom\u011bni\u010dov\u00e9 prysky\u0159ice TM NIDROLIGHT &#8211; Inovativn\u00ed a modern\u00ed produkt.<\/p>\n<p>N\u00e1\u0161 v\u00fdrobce, spole\u010dnost Ningbo Zhengguang Resin Co., Ltd., je pln\u011b vlastn\u011bna v\u00fdrobn\u00ed z\u00e1kladnou spole\u010dnosti Zhejiang Zhengguang Industrial Co., Ltd. Zhengguang je jednou z nejvlivn\u011bj\u0161\u00edch \u010d\u00ednsk\u00fdch spole\u010dnost\u00ed v oblasti v\u00fdroby a aplikace iontom\u011bni\u010dov\u00fdch prysky\u0159ic. Spole\u010dnost byla zalo\u017eena v \u0159\u00edjnu 1969 a m\u00e1 v\u00edce ne\u017e 43 let zku\u0161enost\u00ed s v\u00fdzkumem, v\u00fdvojem a v\u00fdrobou iontom\u011bni\u010dov\u00fdch prysky\u0159ic. Zhengguang je tak\u00e9 m\u00edstop\u0159edsedou \u010c\u00ednsk\u00e9ho v\u00fdboru pro iontom\u011bni\u010dov\u00e9 prysky\u0159ice a \u010dlenem Sv\u011btov\u00e9 asociace kvality.<\/p>\n<p>Spole\u010dnost Ningbo Zhengguang Resin Co., Ltd. se nach\u00e1z\u00ed v Z\u00d3N\u011a PETROCHEMICK\u00c9HO EKONOMICK\u00c9HO ROZVOJE V NINGBO. Pl\u00e1novan\u00e1 z\u00f3na se rozkl\u00e1d\u00e1 na celkov\u00e9 plo\u0161e 56,22 kilometr\u016f \u010dtvere\u010dn\u00edch a byla 30. prosince 2011 ofici\u00e1ln\u011b ozna\u010dena za n\u00e1rodn\u00ed rozvojovou z\u00f3nu St\u00e1tn\u00ed radou \u010c\u00edny. V Z\u00d3N\u011a PETROCHEMICK\u00c9HO EKONOMICK\u00c9HO ROZVOJE V NINGBO se nach\u00e1z\u00ed nejv\u011bt\u0161\u00ed dok pro kapaln\u00e9 chemik\u00e1lie v zemi, nejv\u011bt\u0161\u00ed petrochemick\u00e9 zpracovatelsk\u00e9 z\u00e1vody v zemi, Zhenhai, a ropn\u00e9 rafinerie, stejn\u011b jako \u0159ada chemick\u00fdch spole\u010dnost\u00ed. Tyto chemick\u00e9 spole\u010dnosti poskytuj\u00ed snadn\u00fd p\u0159\u00edstup k n\u00e1kupu surovin, zat\u00edmco nedalek\u00fd p\u0159\u00edstav Beilong tak\u00e9 poskytuje v\u00fdhodn\u00e9 podm\u00ednky pro dovoz a v\u00fdvoz surovin a produkt\u016f.<\/p>\n<p>Spole\u010dnost Ningbo Zhengguang Resin Co., Ltd. uspo\u0159\u00e1dala slavnostn\u00ed polo\u017een\u00ed z\u00e1kladn\u00edho kamene v listopadu 2007 a zku\u0161ebn\u00ed v\u00fdrobu zah\u00e1jila v z\u00e1\u0159\u00ed 2010. Do konce roku 2011 spole\u010dnost Ningbo Zhengguang Resin Co., Ltd. zah\u00e1jila b\u011b\u017enou v\u00fdrobu a z\u00edskala licenci k bezpe\u010dn\u00e9 v\u00fdrob\u011b a schv\u00e1len\u00ed environment\u00e1ln\u00ed inspekc\u00ed.<\/p>\n\t\t<\/div>\n\t\t\t<\/div>\n\n\t\n\n\t<div id=\"col-1752896452\" class=\"col medium-4 small-12 large-4 small-col-first\"  >\n\t\t<div class=\"col-inner\"  >\n\t\t\t\n\t\t\t\n\t<div class=\"img has-hover x md-x lg-x y md-y lg-y\" id=\"image_324646767\">\n\t\t\t\t\t\t\t\t<div class=\"img-inner dark\" >\n\t\t\t<img loading=\"lazy\" decoding=\"async\" width=\"1254\" height=\"841\" src=\"https:\/\/hydrolite.eu\/wp-content\/uploads\/2022\/05\/outside-of-workshop.jpg\" class=\"attachment-original size-original\" alt=\"hydrolite\" srcset=\"https:\/\/hydrolite.eu\/wp-content\/uploads\/2022\/05\/outside-of-workshop.jpg 1254w, https:\/\/hydrolite.eu\/wp-content\/uploads\/2022\/05\/outside-of-workshop-300x201.jpg 300w, https:\/\/hydrolite.eu\/wp-content\/uploads\/2022\/05\/outside-of-workshop-1024x687.jpg 1024w, https:\/\/hydrolite.eu\/wp-content\/uploads\/2022\/05\/outside-of-workshop-200x134.jpg 200w, https:\/\/hydrolite.eu\/wp-content\/uploads\/2022\/05\/outside-of-workshop-400x268.jpg 400w\" sizes=\"auto, (max-width: 1254px) 100vw, 1254px\" \/>\t\t\t\t\t\t\n\t\t\t\t\t<\/div>\n\t\t\t\t\t\t\t\t\n<style>\n#image_324646767 {\n  width: 100%;\n}\n<\/style>\n\t<\/div>\n\t\n\t<div class=\"img has-hover x md-x lg-x y md-y lg-y\" id=\"image_480096118\">\n\t\t\t\t\t\t\t\t<div class=\"img-inner dark\" >\n\t\t\t<img loading=\"lazy\" decoding=\"async\" width=\"1502\" height=\"973\" src=\"https:\/\/hydrolite.eu\/wp-content\/uploads\/2022\/05\/material-farm.jpg\" class=\"attachment-original size-original\" alt=\"Company\" srcset=\"https:\/\/hydrolite.eu\/wp-content\/uploads\/2022\/05\/material-farm.jpg 1502w, https:\/\/hydrolite.eu\/wp-content\/uploads\/2022\/05\/material-farm-300x194.jpg 300w, https:\/\/hydrolite.eu\/wp-content\/uploads\/2022\/05\/material-farm-1024x663.jpg 1024w, https:\/\/hydrolite.eu\/wp-content\/uploads\/2022\/05\/material-farm-200x130.jpg 200w, https:\/\/hydrolite.eu\/wp-content\/uploads\/2022\/05\/material-farm-400x259.jpg 400w\" sizes=\"auto, (max-width: 1502px) 100vw, 1502px\" \/>\t\t\t\t\t\t\n\t\t\t\t\t<\/div>\n\t\t\t\t\t\t\t\t\n<style>\n#image_480096118 {\n  width: 100%;\n}\n<\/style>\n\t<\/div>\n\t\n\t\t<\/div>\n\t\t\t<\/div>\n\n\t\n<\/div>\n<div class=\"row row-large row-full-width\"  id=\"row-182496293\">\n\n\t<div id=\"col-1219027674\" class=\"col medium-4 small-12 large-4\"  >\n\t\t<div class=\"col-inner\"  >\n\t\t\t\n\t\t\t\n\t<div class=\"img has-hover x md-x lg-x y md-y lg-y\" id=\"image_1172110775\">\n\t\t\t\t\t\t\t\t<div class=\"img-inner dark\" >\n\t\t\t<img loading=\"lazy\" decoding=\"async\" width=\"1020\" height=\"639\" src=\"https:\/\/hydrolite.eu\/wp-content\/uploads\/2022\/05\/workshop-1-1024x642.jpg\" class=\"attachment-large size-large\" alt=\"hydrolite\" srcset=\"https:\/\/hydrolite.eu\/wp-content\/uploads\/2022\/05\/workshop-1-1024x642.jpg 1024w, https:\/\/hydrolite.eu\/wp-content\/uploads\/2022\/05\/workshop-1-300x188.jpg 300w, https:\/\/hydrolite.eu\/wp-content\/uploads\/2022\/05\/workshop-1-200x125.jpg 200w, https:\/\/hydrolite.eu\/wp-content\/uploads\/2022\/05\/workshop-1-400x251.jpg 400w, https:\/\/hydrolite.eu\/wp-content\/uploads\/2022\/05\/workshop-1.jpg 1502w\" sizes=\"auto, (max-width: 1020px) 100vw, 1020px\" \/>\t\t\t\t\t\t\n\t\t\t\t\t<\/div>\n\t\t\t\t\t\t\t\t\n<style>\n#image_1172110775 {\n  width: 100%;\n}\n<\/style>\n\t<\/div>\n\t\n\t<div class=\"img has-hover x md-x lg-x y md-y lg-y\" id=\"image_2062028322\">\n\t\t\t\t\t\t\t\t<div class=\"img-inner dark\" >\n\t\t\t<img loading=\"lazy\" decoding=\"async\" width=\"1020\" height=\"680\" src=\"https:\/\/hydrolite.eu\/wp-content\/uploads\/2022\/05\/part-of-qc-1024x683.jpg\" class=\"attachment-large size-large\" alt=\"hydrolite\" srcset=\"https:\/\/hydrolite.eu\/wp-content\/uploads\/2022\/05\/part-of-qc-1024x683.jpg 1024w, https:\/\/hydrolite.eu\/wp-content\/uploads\/2022\/05\/part-of-qc-300x200.jpg 300w, https:\/\/hydrolite.eu\/wp-content\/uploads\/2022\/05\/part-of-qc-200x133.jpg 200w, https:\/\/hydrolite.eu\/wp-content\/uploads\/2022\/05\/part-of-qc-400x267.jpg 400w, https:\/\/hydrolite.eu\/wp-content\/uploads\/2022\/05\/part-of-qc.jpg 1180w\" sizes=\"auto, (max-width: 1020px) 100vw, 1020px\" \/>\t\t\t\t\t\t\n\t\t\t\t\t<\/div>\n\t\t\t\t\t\t\t\t\n<style>\n#image_2062028322 {\n  width: 100%;\n}\n<\/style>\n\t<\/div>\n\t\n\t\t<\/div>\n\t\t\t<\/div>\n\n\t\n\n\t<div id=\"col-568280301\" class=\"col medium-8 small-12 large-8\"  >\n\t\t<div class=\"col-inner\"  >\n\t\t\t\n\t\t\t\n<p>Spole\u010dnost Zhengguang se specializuje na v\u00fdrobu iontom\u011bni\u010dov\u00fdch prysky\u0159ic, biochemick\u00fdch separa\u010dn\u00edch m\u00e9di\u00ed a makropor\u00e9zn\u00edch adsorbent\u016f. Produktov\u00e1 \u0159ada iontom\u011bni\u010dov\u00fdch prysky\u0159ic zahrnuje \u010dty\u0159i hlavn\u00ed \u0159ady: styrenovou \u0159adu, \u0159adu kyseliny akrylov\u00e9, \u0159adu fenolaldehydov\u00fdch a \u0159adu kruhov\u00e9ho kysl\u00edku. Biochemick\u00e1 separa\u010dn\u00ed m\u00e9dia zahrnuj\u00ed m\u00e9dia pro iontom\u011bni\u010dovou chromatografii, m\u00e9dia pro hydrofobn\u00ed interak\u010dn\u00ed chromatografii, m\u00e9dia pro afinitn\u00ed chromatografii, m\u00e9dia pro gelovou chromatografii a aktivovan\u00e9 meziprodukty, p\u0159i\u010dem\u017e se skl\u00e1d\u00e1 z p\u011bti typ\u016f a t\u00e9m\u011b\u0159 100 variant. Makropor\u00e9zn\u00ed sorbenty zahrnuj\u00ed nepol\u00e1rn\u00ed, st\u0159edn\u011b pol\u00e1rn\u00ed a pol\u00e1rn\u00ed sorbenty t\u0159\u00ed typ\u016f a t\u00e9m\u011b\u0159 tuctu variant. Mezi registrovan\u00e9 ochrann\u00e9 zn\u00e1mky pat\u0159\u00ed \u201eZhengguang\u201c a \u201eHydorlite\u201c.<\/p>\n<p>Spole\u010dnost Zhengguang se t\u011b\u0161\u00ed vysok\u00e9 pov\u011bsti mezi z\u00e1kazn\u00edky i v r\u00e1mci cel\u00e9ho odv\u011btv\u00ed d\u00edky vynikaj\u00edc\u00ed kvalit\u011b sv\u00fdch produkt\u016f, pokro\u010dil\u00fdm technologi\u00edm a up\u0159\u00edmn\u00fdm technick\u00fdm slu\u017eb\u00e1m. Spole\u010dnost Zhengguang vyvinula \u0159adu produkt\u016f z \u010d\u00ednsk\u00e9 iniciativy a z\u00edskala mimo jin\u00e9 ocen\u011bn\u00ed \u201eN\u00e1rodn\u00ed certifik\u00e1t kl\u00ed\u010dov\u00e9ho nov\u00e9ho produktu\u201c, \u201eCertifik\u00e1t fondu technologick\u00fdch inovac\u00ed\u201c, \u201eN\u00e1rodn\u00ed pl\u00e1n pro pochodn\u011b\u201c, \u201e\u010c\u00ednsk\u00e1 cena za v\u011bdu a technologii v oblasti elektrick\u00e9 energie\u201c, \u201ePatenty na u\u017eitn\u00e9 vzory\u201c a \u201ePatenty na vyn\u00e1lezy\u201c. Iontom\u011bni\u010dov\u00e1 prysky\u0159ice spole\u010dnosti Zhengguang byla opakovan\u011b ozna\u010dena za \u201eSlavn\u00fd produkt provincie Zhejiang\u201c a jej\u00ed zna\u010dka byla ozna\u010dena za \u201eSlavnou zna\u010dku provincie Zhejiang\u201c. Na z\u00e1klad\u011b t\u011bchto ocen\u011bn\u00ed byla spole\u010dnost Zhengguang ozna\u010dena za \u201eN\u00e1rodn\u00ed kl\u00ed\u010dovou podporu high-tech podnik\u016f\u201c, \u201eHigh-tech podnik provincie Zhejiang\u201c a \u201eTechnologick\u00e9 centrum podnik\u016f provincie Zhejiang\u201c.<\/p>\n<p>Iontom\u011bni\u010dov\u00e9 prysky\u0159ice zna\u010dek Zhengguang a Hydrlite se v sou\u010dasnosti prod\u00e1vaj\u00ed v provinci\u00edch a regionech \u010c\u00edny v odv\u011btv\u00edch elektrick\u00e9 energie, elektroniky, jadern\u00e9 energie, chemick\u00e9ho a lehk\u00e9ho pr\u016fmyslu, farmaceutick\u00e9ho, potravin\u00e1\u0159sk\u00e9ho, n\u00e1pojov\u00e9ho, metalurgick\u00e9ho a environment\u00e1ln\u00edho pr\u016fmyslu. Prod\u00e1vaj\u00ed se tak\u00e9 do Ameriky, Evropy, Afriky a jihov\u00fdchodn\u00ed Asie. Prysky\u0159ice Zhengguang hraj\u00ed d\u016fle\u017eitou roli v \u00faprav\u011b nap\u00e1jec\u00ed vody a kondenz\u00e1tu do kotl\u016f, \u00faprav\u011b vody prim\u00e1rn\u00edho a sekund\u00e1rn\u00edho okruhu jadern\u00fdch elektr\u00e1ren, v \u00faprav\u011b procesn\u00ed vody a ultra\u010dist\u00e9 vody elektronick\u00e9 kvality, a tak\u00e9 v potravin\u00e1\u0159stv\u00ed, l\u00e9ka\u0159stv\u00ed a biochemii, a to d\u00edky sv\u00fdm vynikaj\u00edc\u00edm vlastnostem. T\u011b\u0161\u00ed se \u0161irok\u00e9mu uplatn\u011bn\u00ed po cel\u00e9m sv\u011bt\u011b.<\/p>\n\t\t<\/div>\n\t\t\t<\/div>\n\n\t\n<\/div>\n<div class=\"row row-large row-full-width\"  id=\"row-1468875070\">\n\n\t<div id=\"col-637977020\" class=\"col medium-4 small-12 large-4\"  >\n\t\t<div class=\"col-inner\"  >\n\t\t\t\n\t\t\t\n<div role=\"form\" class=\"wpcf7\" id=\"wpcf7-f27-o1\" lang=\"ru-RU\" dir=\"ltr\">\n<div class=\"screen-reader-response\"><p role=\"status\" aria-live=\"polite\" aria-atomic=\"true\"><\/p> <ul><\/ul><\/div>\n<form action=\"\/cs\/wp-json\/wp\/v2\/pages\/5348#wpcf7-f27-o1\" method=\"post\" class=\"wpcf7-form init\" novalidate=\"novalidate\" data-status=\"init\">\n<div style=\"display: none;\">\n<input type=\"hidden\" name=\"_wpcf7\" value=\"27\" \/>\n<input type=\"hidden\" name=\"_wpcf7_version\" value=\"5.5.5\" \/>\n<input type=\"hidden\" name=\"_wpcf7_locale\" value=\"ru_RU\" \/>\n<input type=\"hidden\" name=\"_wpcf7_unit_tag\" value=\"wpcf7-f27-o1\" \/>\n<input type=\"hidden\" name=\"_wpcf7_container_post\" value=\"0\" \/>\n<input type=\"hidden\" name=\"_wpcf7_posted_data_hash\" value=\"\" \/>\n<\/div>\n<div class=\"form-flat\">\n<span class=\"wpcf7-form-control-wrap your-name\"><input type=\"text\" name=\"your-name\" value=\"\" size=\"40\" class=\"wpcf7-form-control wpcf7-text wpcf7-validates-as-required\" aria-required=\"true\" aria-invalid=\"false\" placeholder=\"Your Name\" \/><\/span><\/p>\n<p><span class=\"wpcf7-form-control-wrap tel-640\"><input type=\"tel\" name=\"tel-640\" value=\"\" size=\"40\" class=\"wpcf7-form-control wpcf7-text wpcf7-tel wpcf7-validates-as-required wpcf7-validates-as-tel\" aria-required=\"true\" aria-invalid=\"false\" placeholder=\"Phone\" \/><\/span><\/p>\n<p><span class=\"wpcf7-form-control-wrap your-email\"><input type=\"email\" name=\"your-email\" value=\"\" size=\"40\" class=\"wpcf7-form-control wpcf7-text wpcf7-email wpcf7-validates-as-required wpcf7-validates-as-email\" aria-required=\"true\" aria-invalid=\"false\" placeholder=\"Your Email\" \/><\/span> <\/p>\n<p><span class=\"wpcf7-form-control-wrap your-message\"><textarea name=\"your-message\" cols=\"40\" rows=\"10\" class=\"wpcf7-form-control wpcf7-textarea\" aria-invalid=\"false\" placeholder=\"Your Message\"><\/textarea><\/span> <\/p>\n<p><input type=\"submit\" value=\"Submit\" class=\"wpcf7-form-control has-spinner wpcf7-submit button\" \/>\n<\/p><\/div>\n<div class=\"wpcf7-response-output\" aria-hidden=\"true\"><\/div><\/form><\/div>\n\t\t<\/div>\n\t\t\t<\/div>\n\n\t\n\n\t<div id=\"col-2135036583\" class=\"col medium-8 small-12 large-8\"  >\n\t\t<div class=\"col-inner\"  >\n\t\t\t\n\t\t\t\n\t<div id=\"text-1361230161\" class=\"text\">\n\t\t\n<h2 class=\"uppercase\">Chcete s n\u00e1mi spolupracovat?<\/h2>\n\t\t\n<style>\n#text-1361230161 {\n  text-align: center;\n}\n<\/style>\n\t<\/div>\n\t\n<p class=\"lead\">Sta\u010d\u00ed n\u00e1m napsat.<\/p>\n\t\t<\/div>\n\t\t\t<\/div>\n\n\t\n<\/div>\n","protected":false},"excerpt":{"rendered":"","protected":false},"author":1,"featured_media":4838,"parent":0,"menu_order":0,"comment_status":"closed","ping_status":"closed","template":"page-blank.php","meta":{"footnotes":""},"class_list":["post-5348","page","type-page","status-publish","has-post-thumbnail","hentry"],"_links":{"self":[{"href":"https:\/\/hydrolite.eu\/cs\/wp-json\/wp\/v2\/pages\/5348","targetHints":{"allow":["GET"]}}],"collection":[{"href":"https:\/\/hydrolite.eu\/cs\/wp-json\/wp\/v2\/pages"}],"about":[{"href":"https:\/\/hydrolite.eu\/cs\/wp-json\/wp\/v2\/types\/page"}],"author":[{"embeddable":true,"href":"https:\/\/hydrolite.eu\/cs\/wp-json\/wp\/v2\/users\/1"}],"replies":[{"embeddable":true,"href":"https:\/\/hydrolite.eu\/cs\/wp-json\/wp\/v2\/comments?post=5348"}],"version-history":[{"count":5,"href":"https:\/\/hydrolite.eu\/cs\/wp-json\/wp\/v2\/pages\/5348\/revisions"}],"predecessor-version":[{"id":5353,"href":"https:\/\/hydrolite.eu\/cs\/wp-json\/wp\/v2\/pages\/5348\/revisions\/5353"}],"wp:featuredmedia":[{"embeddable":true,"href":"https:\/\/hydrolite.eu\/cs\/wp-json\/wp\/v2\/media\/4838"}],"wp:attachment":[{"href":"https:\/\/hydrolite.eu\/cs\/wp-json\/wp\/v2\/media?parent=5348"}],"curies":[{"name":"wp","href":"https:\/\/api.w.org\/{rel}","templated":true}]}}